{"id":2298,"date":"2025-01-23T00:06:47","date_gmt":"2025-01-23T00:06:47","guid":{"rendered":"https:\/\/sefinpetroleumcorp.com\/?page_id=2298"},"modified":"2025-03-07T00:23:11","modified_gmt":"2025-03-07T00:23:11","slug":"home2","status":"publish","type":"page","link":"https:\/\/sefinpetroleumcorp.com\/en\/","title":{"rendered":"Home"},"content":{"rendered":"<div class=\"wp-block-uagb-container uagb-block-remwnp55 alignfull uagb-is-root-container\"><div class=\"uagb-container__video-wrap\"><video autoplay loop muted playsinline><source src=\"https:\/\/sefinpetroleumcorp.com\/wp-content\/uploads\/2025\/01\/1-3.mp4\" type=\"video\/mp4\"\/><\/video><\/div><div class=\"uagb-container-inner-blocks-wrap\">\n<div class=\"wp-block-uagb-info-box uagb-block-fcufydhm uagb-infobox__content-wrap  uagb-infobox-icon-above-title uagb-infobox-image-valign-top\"><div class=\"uagb-ifb-content\"><div class=\"uagb-ifb-title-wrap\"><h1 class=\"uagb-ifb-title\">SEFIN PETROLEUM CORPORATION<\/h1><\/div><p class=\"uagb-ifb-desc\">Your preferred partner for oil and energy trading<\/p><\/div><\/div>\n\n\n\n<div class=\"wp-block-uagb-buttons uagb-buttons__outer-wrap uagb-btn__default-btn uagb-btn-tablet__default-btn uagb-btn-mobile__default-btn uagb-block-aa9prcwl\"><div class=\"uagb-buttons__wrap uagb-buttons-layout-wrap\">\n<div class=\"wp-block-uagb-buttons-child uagb-buttons__outer-wrap uagb-block-cfxbp28v wp-block-button\"><div class=\"uagb-button__wrapper\"><a class=\"uagb-buttons-repeater wp-block-button__link\" aria-label=\"\" href=\"\/en\/contact\/\" rel=\"follow noopener\" target=\"_self\" role=\"button\"><div class=\"uagb-button__link\">Contact us<\/div><\/a><\/div><\/div>\n<\/div><\/div>\n<\/div><\/div>\n\n\n\n<div class=\"wp-block-uagb-container uagb-block-p6y6f27t alignfull uagb-is-root-container\"><div class=\"uagb-container-inner-blocks-wrap\">\n<div class=\"wp-block-uagb-info-box uagb-block-g5opkvvq uagb-infobox__content-wrap  uagb-infobox-icon-above-title uagb-infobox-image-valign-top\"><div class=\"uagb-ifb-content\"><div class=\"uagb-ifb-title-wrap\"><h2 class=\"uagb-ifb-title\">Range of Services<\/h2><\/div><p class=\"uagb-ifb-desc\">Any oil transaction requires in-depth study, innovative methods and vigilance aimed at minimizing risk and optimizing revenue.<\/p><\/div><\/div>\n\n\n\n<div class=\"wp-block-uagb-container uagb-block-qn6nweie\">\n<div class=\"wp-block-uagb-container uagb-block-acywjgr2\">\n<div class=\"wp-block-uagb-image alignleft uagb-block-i3eckgil wp-block-uagb-image--layout-default wp-block-uagb-image--effect-static wp-block-uagb-image--align-left\"><figure class=\"wp-block-uagb-image__figure\"><img decoding=\"async\" srcset=\"https:\/\/sefinpetroleumcorp.com\/wp-content\/uploads\/2024\/06\/zipwp-image-4793456-1024x683.jpeg ,https:\/\/sefinpetroleumcorp.com\/wp-content\/uploads\/2024\/06\/zipwp-image-4793456.jpeg 780w, https:\/\/sefinpetroleumcorp.com\/wp-content\/uploads\/2024\/06\/zipwp-image-4793456.jpeg 360w\" sizes=\"auto, (max-width: 480px) 150px\" src=\"https:\/\/sefinpetroleumcorp.com\/wp-content\/uploads\/2024\/06\/zipwp-image-4793456-1024x683.jpeg\" alt=\"White Oil Tanks Under the Blue Sky\" class=\"uag-image-1523\" width=\"352\" height=\"260\" title=\"zipwp-image-4793456\" loading=\"lazy\" role=\"img\"\/><\/figure><\/div>\n\n\n\n<div class=\"wp-block-uagb-info-box uagb-block-m1c2qf8x uagb-infobox__content-wrap  uagb-infobox-icon-above-title uagb-infobox-image-valign-top\"><div class=\"uagb-ifb-content\"><div class=\"uagb-ifb-title-wrap\"><h3 class=\"uagb-ifb-title\">OIL AND GAS<\/h3><\/div><p class=\"uagb-ifb-desc\">Between oil companies and state governments, management of the\u2026<\/p><\/div><\/div>\n\n\n\n<div class=\"wp-block-uagb-buttons uagb-buttons__outer-wrap uagb-btn__default-btn uagb-btn-tablet__default-btn uagb-btn-mobile__default-btn uagb-block-g5j5vhsr\"><div class=\"uagb-buttons__wrap uagb-buttons-layout-wrap\">\n<div class=\"wp-block-uagb-buttons-child uagb-buttons__outer-wrap uagb-block-bzcvtuo5 wp-block-button\"><div class=\"uagb-button__wrapper\"><a class=\"uagb-buttons-repeater wp-block-button__link\" aria-label=\"\" href=\"\/en\/petrole-gaz\/\" rel=\"follow noopener\" target=\"_self\" role=\"button\"><div class=\"uagb-button__link\">Read more<\/div><\/a><\/div><\/div>\n<\/div><\/div>\n<\/div>\n\n\n\n<div class=\"wp-block-uagb-container uagb-block-ikijqsih\">\n<div class=\"wp-block-uagb-image alignleft uagb-block-qc74p46e wp-block-uagb-image--layout-default wp-block-uagb-image--effect-static wp-block-uagb-image--align-left\"><figure class=\"wp-block-uagb-image__figure\"><img decoding=\"async\" srcset=\"https:\/\/sefinpetroleumcorp.com\/wp-content\/uploads\/2024\/06\/minier-683x1024.jpg ,https:\/\/sefinpetroleumcorp.com\/wp-content\/uploads\/2024\/06\/minier-scaled.jpg 780w, https:\/\/sefinpetroleumcorp.com\/wp-content\/uploads\/2024\/06\/minier-scaled.jpg 360w\" sizes=\"auto, (max-width: 480px) 150px\" src=\"https:\/\/sefinpetroleumcorp.com\/wp-content\/uploads\/2024\/06\/minier-683x1024.jpg\" alt=\"\" class=\"uag-image-1841\" width=\"352\" height=\"260\" title=\"minier\" loading=\"lazy\" role=\"img\"\/><\/figure><\/div>\n\n\n\n<div class=\"wp-block-uagb-info-box uagb-block-qk4xzdol uagb-infobox__content-wrap  uagb-infobox-icon-above-title uagb-infobox-image-valign-top\"><div class=\"uagb-ifb-content\"><div class=\"uagb-ifb-title-wrap\"><h3 class=\"uagb-ifb-title\">MINING TRADING<\/h3><\/div><p class=\"uagb-ifb-desc\">Les produits miniers sont des intrants essentiels pour de nombreuses industries et\u2026<\/p><\/div><\/div>\n\n\n\n<div class=\"wp-block-uagb-buttons uagb-buttons__outer-wrap uagb-btn__default-btn uagb-btn-tablet__default-btn uagb-btn-mobile__default-btn uagb-block-kmqfco56\"><div class=\"uagb-buttons__wrap uagb-buttons-layout-wrap\">\n<div class=\"wp-block-uagb-buttons-child uagb-buttons__outer-wrap uagb-block-z7cepsrr wp-block-button\"><div class=\"uagb-button__wrapper\"><a class=\"uagb-buttons-repeater wp-block-button__link\" aria-label=\"\" href=\"\/en\/mines\/\" rel=\"follow noopener\" target=\"_self\" role=\"button\"><div class=\"uagb-button__link\">Read more<\/div><\/a><\/div><\/div>\n<\/div><\/div>\n<\/div>\n\n\n\n<div class=\"wp-block-uagb-container uagb-block-tegz8plu\">\n<div class=\"wp-block-uagb-image alignleft uagb-block-rr1liduf wp-block-uagb-image--layout-default wp-block-uagb-image--effect-static wp-block-uagb-image--align-left\"><figure class=\"wp-block-uagb-image__figure\"><img decoding=\"async\" srcset=\"https:\/\/sefinpetroleumcorp.com\/wp-content\/uploads\/2024\/06\/energie-verte-1024x724.jpg ,https:\/\/sefinpetroleumcorp.com\/wp-content\/uploads\/2024\/06\/energie-verte-scaled.jpg 780w, https:\/\/sefinpetroleumcorp.com\/wp-content\/uploads\/2024\/06\/energie-verte-scaled.jpg 360w\" sizes=\"auto, (max-width: 480px) 150px\" src=\"https:\/\/sefinpetroleumcorp.com\/wp-content\/uploads\/2024\/06\/energie-verte-1024x724.jpg\" alt=\"\" class=\"uag-image-1871\" width=\"352\" height=\"260\" title=\"Solar panels and wind turbine on green grass against sky background\" loading=\"lazy\" role=\"img\"\/><\/figure><\/div>\n\n\n\n<div class=\"wp-block-uagb-info-box uagb-block-niu8hhdg uagb-infobox__content-wrap  uagb-infobox-icon-above-title uagb-infobox-image-valign-top\"><div class=\"uagb-ifb-content\"><div class=\"uagb-ifb-title-wrap\"><h3 class=\"uagb-ifb-title\">ENERGIES<\/h3><\/div><p class=\"uagb-ifb-desc\">Le secteur de l\u2019\u00e9nergie est en pleine mutation avec l\u2019av\u00e8nement de l\u2019\u00e9nergie verte, qui\u2026<\/p><\/div><\/div>\n\n\n\n<div class=\"wp-block-uagb-buttons uagb-buttons__outer-wrap uagb-btn__default-btn uagb-btn-tablet__default-btn uagb-btn-mobile__default-btn uagb-block-47z5eava\"><div class=\"uagb-buttons__wrap uagb-buttons-layout-wrap\">\n<div class=\"wp-block-uagb-buttons-child uagb-buttons__outer-wrap uagb-block-gnoifzrg wp-block-button\"><div class=\"uagb-button__wrapper\"><a class=\"uagb-buttons-repeater wp-block-button__link\" aria-label=\"\" href=\"\/en\/energies\/\" rel=\"follow noopener\" target=\"_self\" role=\"button\"><div class=\"uagb-button__link\">Read more<\/div><\/a><\/div><\/div>\n<\/div><\/div>\n<\/div>\n<\/div>\n<\/div><\/div>\n\n\n\n<div class=\"wp-block-uagb-container uagb-block-snmf4e4s alignfull uagb-is-root-container\"><div class=\"uagb-container-inner-blocks-wrap\">\n<div class=\"wp-block-uagb-info-box uagb-block-tavnm9cd uagb-infobox__content-wrap  uagb-infobox-icon-above-title uagb-infobox-image-valign-top wp-block-uagb-info-box--has-margin\"><div class=\"uagb-infobox-margin-wrapper\"><div class=\"uagb-ifb-content\"><div class=\"uagb-ifb-title-wrap\"><h2 class=\"uagb-ifb-title\">Our History<\/h2><\/div><p class=\"uagb-ifb-desc\">SPC est une soci\u00e9t\u00e9 p\u00e9troli\u00e8re sp\u00e9cialis\u00e9e dans le n\u00e9goce, le trading, la recherche, l\u2019exploitation, la distribution et d\u2019interm\u00e9diation p\u00e9troli\u00e8re, gazi\u00e8re, mini\u00e8re dot\u00e9e un d\u00e9partement de n\u00e9goce des mani\u00e8res premi\u00e8res et des \u00e9nergies vertes en vu d\u2019assister les compagnies et les gouvernements dans l\u2019optimisation des op\u00e9rations transfrontali\u00e8res.<br><br><\/p><div class=\"uagb-ifb-button-wrapper wp-block-button\"><a href=\"\/en\/about\/\" class=\"uagb-infobox-cta-link wp-block-button__link\" target=\"_self\" rel=\"noopener noreferrer\" onclick=\"return true;\"><span class=\"uagb-inline-editing\">Read more<\/span><\/a><\/div><\/div><\/div><\/div>\n\n\n\n<div class=\"wp-block-uagb-image alignleft uagb-block-41kufhzk wp-block-uagb-image--layout-default wp-block-uagb-image--effect-static wp-block-uagb-image--align-left\"><figure class=\"wp-block-uagb-image__figure\"><img decoding=\"async\" srcset=\"https:\/\/sefinpetroleumcorp.com\/wp-content\/uploads\/2024\/06\/business-partners-shaking-hands-agreement-1-683x1024.jpg ,https:\/\/sefinpetroleumcorp.com\/wp-content\/uploads\/2024\/06\/business-partners-shaking-hands-agreement-1-scaled.jpg 780w, https:\/\/sefinpetroleumcorp.com\/wp-content\/uploads\/2024\/06\/business-partners-shaking-hands-agreement-1-scaled.jpg 360w\" sizes=\"auto, (max-width: 480px) 150px\" src=\"https:\/\/sefinpetroleumcorp.com\/wp-content\/uploads\/2024\/06\/business-partners-shaking-hands-agreement-1-683x1024.jpg\" alt=\"\" class=\"uag-image-1817\" width=\"564\" height=\"450\" title=\"Business partners shaking hands in agreement\" loading=\"lazy\" role=\"img\"\/><\/figure><\/div>\n<\/div><\/div>\n\n\n\n<div class=\"wp-block-uagb-container uagb-block-ucfycplo alignfull uagb-is-root-container\"><div class=\"uagb-container__video-wrap\"><video autoplay loop muted playsinline><source src=\"https:\/\/sefinpetroleumcorp.com\/wp-content\/uploads\/2024\/06\/4935012_Indoors_Person_1280x720-1.mp4\" type=\"video\/mp4\"\/><\/video><\/div><div class=\"uagb-container-inner-blocks-wrap\">\n<div class=\"wp-block-uagb-info-box uagb-block-i1tdw16z uagb-infobox__content-wrap  uagb-infobox-icon-above-title uagb-infobox-image-valign-top wp-block-uagb-info-box--has-margin\"><div class=\"uagb-infobox-margin-wrapper\"><div class=\"uagb-ifb-content\"><div class=\"uagb-ifb-title-wrap\"><h1 class=\"uagb-ifb-title\"><strong>Global trade in refined products<\/strong><\/h1><\/div><p class=\"uagb-ifb-desc\">SEFIN PETROLEUM CORPORATION fournit au march\u00e9 une vari\u00e9t\u00e9 de produits p\u00e9troliers , notamment du diesel, de l\u2019essence, du gaz de p\u00e9trole liqu\u00e9fi\u00e9, du naphta, du carbur\u00e9acteur, du gasoil et du mazout. La soci\u00e9t\u00e9 est active sur le march\u00e9 mondial et n\u00e9gocie les produits raffin\u00e9s l\u00e9gers et moyens \u00e0 des clients nouveaux et existants, ainsi qu\u2019\u00e0 un large \u00e9ventail d\u2019acteurs des march\u00e9s financiers.<br><\/p><div class=\"uagb-ifb-button-wrapper wp-block-button\"><a href=\"https:\/\/sefinpetroleumcorp.com\/en\/produit\/\" class=\"uagb-infobox-cta-link wp-block-button__link\" target=\"_self\" rel=\"noopener noreferrer\" onclick=\"return true;\"><span class=\"uagb-inline-editing\">Visitez le catalogue<\/span><\/a><\/div><\/div><\/div><\/div>\n<\/div><\/div>\n\n\n\n<div class=\"wp-block-group is-nowrap is-layout-flex wp-container-core-group-is-layout-ad2f72ca wp-block-group-is-layout-flex\">\n<div class=\"wp-block-uagb-info-box uagb-block-c6d3d279 uagb-infobox__content-wrap  uagb-infobox-icon-above-title uagb-infobox-image-valign-top\"><div class=\"uagb-ifb-content\"><div class=\"uagb-ifb-title-wrap\"><h2 class=\"uagb-ifb-title\">Global trade in refined products<\/h2><\/div><p class=\"uagb-ifb-desc\">We offer in-depth expertise and tailor-made solutions to meet your most complex petroleum needs.<br><\/p><div class=\"uagb-ifb-button-wrapper wp-block-button\"><a href=\"\/en\/offerings\/\" class=\"uagb-infobox-cta-link wp-block-button__link\" target=\"_self\" rel=\"noopener noreferrer\" onclick=\"return true;\"><span class=\"uagb-inline-editing\">Read more<\/span><\/a><\/div><\/div><\/div>\n<\/div>\n\n\n\n<div class=\"wp-block-uagb-container uagb-block-c4rotsaz alignfull uagb-is-root-container\"><div class=\"uagb-container-inner-blocks-wrap\">\n<div class=\"wp-block-uagb-info-box uagb-block-qbu3pk2o uagb-infobox__content-wrap  uagb-infobox-icon-above-title uagb-infobox-image-valign-top\"><div class=\"uagb-ifb-content\"><div class=\"uagb-ifb-title-wrap\"><h2 class=\"uagb-ifb-title\">Rejoignez-nous D\u00e8s Aujourd\u2019hui<\/h2><\/div><p class=\"uagb-ifb-desc\">Contact us to find out how SPC can optimize your oil and gas operations for success.<\/p><div class=\"uagb-ifb-button-wrapper wp-block-button\"><a href=\"\/en\/contact\/\" class=\"uagb-infobox-cta-link wp-block-button__link\" target=\"_self\" rel=\"noopener noreferrer\" onclick=\"return true;\"><span class=\"uagb-inline-editing\">Join us<\/span><\/a><\/div><\/div><\/div>\n<\/div><\/div>","protected":false},"excerpt":{"rendered":"","protected":false},"author":9,"featured_media":2228,"parent":0,"menu_order":0,"comment_status":"closed","ping_status":"closed","template":"","meta":{"_uag_custom_page_level_css":"","_kad_post_transparent":"enable","_kad_post_title":"hide","_kad_post_layout":"","_kad_post_sidebar_id":"","_kad_post_content_style":"","_kad_post_vertical_padding":"","_kad_post_feature":"","_kad_post_feature_position":"","_kad_post_header":false,"_kad_post_footer":false,"_joinchat":[],"footnotes":""},"class_list":["post-2298","page","type-page","status-publish","has-post-thumbnail","hentry"],"yoast_head":"<!-- This site is optimized with the Yoast SEO plugin v26.5 - https:\/\/yoast.com\/wordpress\/plugins\/seo\/ -->\n<title>Accueil - Sefin Petroleum Corporation<\/title>\n<meta name=\"robots\" content=\"index, follow, max-snippet:-1, max-image-preview:large, max-video-preview:-1\" \/>\n<link rel=\"canonical\" href=\"https:\/\/sefinpetroleumcorp.com\/en\/\" \/>\n<meta property=\"og:locale\" content=\"en_US\" \/>\n<meta property=\"og:type\" content=\"article\" \/>\n<meta property=\"og:title\" content=\"Accueil - Sefin Petroleum Corporation\" \/>\n<meta property=\"og:url\" content=\"https:\/\/sefinpetroleumcorp.com\/en\/\" \/>\n<meta property=\"og:site_name\" content=\"Sefin Petroleum Corporation\" \/>\n<meta property=\"article:modified_time\" content=\"2025-03-07T00:23:11+00:00\" \/>\n<meta property=\"og:image\" content=\"https:\/\/sefinpetroleumcorp.com\/wp-content\/uploads\/2024\/07\/WhatsApp-Image-2024-04-03-a-01.07.46_8186326b.png\" \/>\n\t<meta property=\"og:image:width\" content=\"999\" \/>\n\t<meta property=\"og:image:height\" content=\"666\" \/>\n\t<meta property=\"og:image:type\" content=\"image\/png\" \/>\n<meta name=\"twitter:card\" content=\"summary_large_image\" \/>\n<meta name=\"twitter:label1\" content=\"Est. reading time\" \/>\n\t<meta name=\"twitter:data1\" content=\"3 minutes\" \/>\n<script type=\"application\/ld+json\" class=\"yoast-schema-graph\">{\"@context\":\"https:\/\/schema.org\",\"@graph\":[{\"@type\":\"WebPage\",\"@id\":\"https:\/\/sefinpetroleumcorp.com\/\",\"url\":\"https:\/\/sefinpetroleumcorp.com\/\",\"name\":\"Accueil - Sefin Petroleum Corporation\",\"isPartOf\":{\"@id\":\"https:\/\/sefinpetroleumcorp.com\/#website\"},\"primaryImageOfPage\":{\"@id\":\"https:\/\/sefinpetroleumcorp.com\/#primaryimage\"},\"image\":{\"@id\":\"https:\/\/sefinpetroleumcorp.com\/#primaryimage\"},\"thumbnailUrl\":\"https:\/\/sefinpetroleumcorp.com\/wp-content\/uploads\/2024\/07\/WhatsApp-Image-2024-04-03-a-01.07.46_8186326b.png\",\"datePublished\":\"2025-01-23T00:06:47+00:00\",\"dateModified\":\"2025-03-07T00:23:11+00:00\",\"breadcrumb\":{\"@id\":\"https:\/\/sefinpetroleumcorp.com\/#breadcrumb\"},\"inLanguage\":\"en-US\",\"potentialAction\":[{\"@type\":\"ReadAction\",\"target\":[\"https:\/\/sefinpetroleumcorp.com\/\"]}]},{\"@type\":\"ImageObject\",\"inLanguage\":\"en-US\",\"@id\":\"https:\/\/sefinpetroleumcorp.com\/#primaryimage\",\"url\":\"https:\/\/sefinpetroleumcorp.com\/wp-content\/uploads\/2024\/07\/WhatsApp-Image-2024-04-03-a-01.07.46_8186326b.png\",\"contentUrl\":\"https:\/\/sefinpetroleumcorp.com\/wp-content\/uploads\/2024\/07\/WhatsApp-Image-2024-04-03-a-01.07.46_8186326b.png\",\"width\":999,\"height\":666},{\"@type\":\"BreadcrumbList\",\"@id\":\"https:\/\/sefinpetroleumcorp.com\/#breadcrumb\",\"itemListElement\":[{\"@type\":\"ListItem\",\"position\":1,\"name\":\"Accueil\",\"item\":\"https:\/\/sefinpetroleumcorp.com\/\"},{\"@type\":\"ListItem\",\"position\":2,\"name\":\"Accueil\"}]},{\"@type\":\"WebSite\",\"@id\":\"https:\/\/sefinpetroleumcorp.com\/#website\",\"url\":\"https:\/\/sefinpetroleumcorp.com\/\",\"name\":\"Sefin petroleum corporation\",\"description\":\"\",\"publisher\":{\"@id\":\"https:\/\/sefinpetroleumcorp.com\/#organization\"},\"potentialAction\":[{\"@type\":\"SearchAction\",\"target\":{\"@type\":\"EntryPoint\",\"urlTemplate\":\"https:\/\/sefinpetroleumcorp.com\/?s={search_term_string}\"},\"query-input\":{\"@type\":\"PropertyValueSpecification\",\"valueRequired\":true,\"valueName\":\"search_term_string\"}}],\"inLanguage\":\"en-US\"},{\"@type\":\"Organization\",\"@id\":\"https:\/\/sefinpetroleumcorp.com\/#organization\",\"name\":\"Sefin petroleum corporation\",\"url\":\"https:\/\/sefinpetroleumcorp.com\/\",\"logo\":{\"@type\":\"ImageObject\",\"inLanguage\":\"en-US\",\"@id\":\"https:\/\/sefinpetroleumcorp.com\/#\/schema\/logo\/image\/\",\"url\":\"https:\/\/sefinpetroleumcorp.com\/wp-content\/uploads\/2024\/06\/cropped-logo-png.png\",\"contentUrl\":\"https:\/\/sefinpetroleumcorp.com\/wp-content\/uploads\/2024\/06\/cropped-logo-png.png\",\"width\":499,\"height\":310,\"caption\":\"Sefin petroleum corporation\"},\"image\":{\"@id\":\"https:\/\/sefinpetroleumcorp.com\/#\/schema\/logo\/image\/\"}}]}<\/script>\n<!-- \/ Yoast SEO plugin. -->","yoast_head_json":{"title":"Accueil - Sefin Petroleum Corporation","robots":{"index":"index","follow":"follow","max-snippet":"max-snippet:-1","max-image-preview":"max-image-preview:large","max-video-preview":"max-video-preview:-1"},"canonical":"https:\/\/sefinpetroleumcorp.com\/en\/","og_locale":"en_US","og_type":"article","og_title":"Accueil - Sefin Petroleum Corporation","og_url":"https:\/\/sefinpetroleumcorp.com\/en\/","og_site_name":"Sefin Petroleum Corporation","article_modified_time":"2025-03-07T00:23:11+00:00","og_image":[{"width":999,"height":666,"url":"https:\/\/sefinpetroleumcorp.com\/wp-content\/uploads\/2024\/07\/WhatsApp-Image-2024-04-03-a-01.07.46_8186326b.png","type":"image\/png"}],"twitter_card":"summary_large_image","twitter_misc":{"Est. reading time":"3 minutes"},"schema":{"@context":"https:\/\/schema.org","@graph":[{"@type":"WebPage","@id":"https:\/\/sefinpetroleumcorp.com\/","url":"https:\/\/sefinpetroleumcorp.com\/","name":"Accueil - Sefin Petroleum Corporation","isPartOf":{"@id":"https:\/\/sefinpetroleumcorp.com\/#website"},"primaryImageOfPage":{"@id":"https:\/\/sefinpetroleumcorp.com\/#primaryimage"},"image":{"@id":"https:\/\/sefinpetroleumcorp.com\/#primaryimage"},"thumbnailUrl":"https:\/\/sefinpetroleumcorp.com\/wp-content\/uploads\/2024\/07\/WhatsApp-Image-2024-04-03-a-01.07.46_8186326b.png","datePublished":"2025-01-23T00:06:47+00:00","dateModified":"2025-03-07T00:23:11+00:00","breadcrumb":{"@id":"https:\/\/sefinpetroleumcorp.com\/#breadcrumb"},"inLanguage":"en-US","potentialAction":[{"@type":"ReadAction","target":["https:\/\/sefinpetroleumcorp.com\/"]}]},{"@type":"ImageObject","inLanguage":"en-US","@id":"https:\/\/sefinpetroleumcorp.com\/#primaryimage","url":"https:\/\/sefinpetroleumcorp.com\/wp-content\/uploads\/2024\/07\/WhatsApp-Image-2024-04-03-a-01.07.46_8186326b.png","contentUrl":"https:\/\/sefinpetroleumcorp.com\/wp-content\/uploads\/2024\/07\/WhatsApp-Image-2024-04-03-a-01.07.46_8186326b.png","width":999,"height":666},{"@type":"BreadcrumbList","@id":"https:\/\/sefinpetroleumcorp.com\/#breadcrumb","itemListElement":[{"@type":"ListItem","position":1,"name":"Accueil","item":"https:\/\/sefinpetroleumcorp.com\/"},{"@type":"ListItem","position":2,"name":"Accueil"}]},{"@type":"WebSite","@id":"https:\/\/sefinpetroleumcorp.com\/#website","url":"https:\/\/sefinpetroleumcorp.com\/","name":"Sefin petroleum corporation","description":"","publisher":{"@id":"https:\/\/sefinpetroleumcorp.com\/#organization"},"potentialAction":[{"@type":"SearchAction","target":{"@type":"EntryPoint","urlTemplate":"https:\/\/sefinpetroleumcorp.com\/?s={search_term_string}"},"query-input":{"@type":"PropertyValueSpecification","valueRequired":true,"valueName":"search_term_string"}}],"inLanguage":"en-US"},{"@type":"Organization","@id":"https:\/\/sefinpetroleumcorp.com\/#organization","name":"Sefin petroleum corporation","url":"https:\/\/sefinpetroleumcorp.com\/","logo":{"@type":"ImageObject","inLanguage":"en-US","@id":"https:\/\/sefinpetroleumcorp.com\/#\/schema\/logo\/image\/","url":"https:\/\/sefinpetroleumcorp.com\/wp-content\/uploads\/2024\/06\/cropped-logo-png.png","contentUrl":"https:\/\/sefinpetroleumcorp.com\/wp-content\/uploads\/2024\/06\/cropped-logo-png.png","width":499,"height":310,"caption":"Sefin petroleum corporation"},"image":{"@id":"https:\/\/sefinpetroleumcorp.com\/#\/schema\/logo\/image\/"}}]}},"uagb_featured_image_src":{"full":["https:\/\/sefinpetroleumcorp.com\/wp-content\/uploads\/2024\/07\/WhatsApp-Image-2024-04-03-a-01.07.46_8186326b.png",999,666,false],"thumbnail":["https:\/\/sefinpetroleumcorp.com\/wp-content\/uploads\/2024\/07\/WhatsApp-Image-2024-04-03-a-01.07.46_8186326b-150x150.png",150,150,true],"medium":["https:\/\/sefinpetroleumcorp.com\/wp-content\/uploads\/2024\/07\/WhatsApp-Image-2024-04-03-a-01.07.46_8186326b-300x200.png",300,200,true],"medium_large":["https:\/\/sefinpetroleumcorp.com\/wp-content\/uploads\/2024\/07\/WhatsApp-Image-2024-04-03-a-01.07.46_8186326b-768x512.png",768,512,true],"large":["https:\/\/sefinpetroleumcorp.com\/wp-content\/uploads\/2024\/07\/WhatsApp-Image-2024-04-03-a-01.07.46_8186326b.png",999,666,false],"1536x1536":["https:\/\/sefinpetroleumcorp.com\/wp-content\/uploads\/2024\/07\/WhatsApp-Image-2024-04-03-a-01.07.46_8186326b.png",999,666,false],"2048x2048":["https:\/\/sefinpetroleumcorp.com\/wp-content\/uploads\/2024\/07\/WhatsApp-Image-2024-04-03-a-01.07.46_8186326b.png",999,666,false],"trp-custom-language-flag":["https:\/\/sefinpetroleumcorp.com\/wp-content\/uploads\/2024\/07\/WhatsApp-Image-2024-04-03-a-01.07.46_8186326b.png",18,12,false]},"uagb_author_info":{"display_name":"sg6vemz0cpph","author_link":"https:\/\/sefinpetroleumcorp.com\/en\/author\/sg6vemz0cpph\/"},"uagb_comment_info":0,"uagb_excerpt":null,"_links":{"self":[{"href":"https:\/\/sefinpetroleumcorp.com\/en\/wp-json\/wp\/v2\/pages\/2298","targetHints":{"allow":["GET"]}}],"collection":[{"href":"https:\/\/sefinpetroleumcorp.com\/en\/wp-json\/wp\/v2\/pages"}],"about":[{"href":"https:\/\/sefinpetroleumcorp.com\/en\/wp-json\/wp\/v2\/types\/page"}],"author":[{"embeddable":true,"href":"https:\/\/sefinpetroleumcorp.com\/en\/wp-json\/wp\/v2\/users\/9"}],"replies":[{"embeddable":true,"href":"https:\/\/sefinpetroleumcorp.com\/en\/wp-json\/wp\/v2\/comments?post=2298"}],"version-history":[{"count":60,"href":"https:\/\/sefinpetroleumcorp.com\/en\/wp-json\/wp\/v2\/pages\/2298\/revisions"}],"predecessor-version":[{"id":2424,"href":"https:\/\/sefinpetroleumcorp.com\/en\/wp-json\/wp\/v2\/pages\/2298\/revisions\/2424"}],"wp:featuredmedia":[{"embeddable":true,"href":"https:\/\/sefinpetroleumcorp.com\/en\/wp-json\/wp\/v2\/media\/2228"}],"wp:attachment":[{"href":"https:\/\/sefinpetroleumcorp.com\/en\/wp-json\/wp\/v2\/media?parent=2298"}],"curies":[{"name":"wp","href":"https:\/\/api.w.org\/{rel}","templated":true}]}}