{"id":167,"date":"2024-06-23T02:35:54","date_gmt":"2024-06-23T02:35:54","guid":{"rendered":"https:\/\/sefinpetroleumcorp.com\/?page_id=167"},"modified":"2025-03-06T22:56:00","modified_gmt":"2025-03-06T22:56:00","slug":"services","status":"publish","type":"page","link":"https:\/\/sefinpetroleumcorp.com\/en\/services\/","title":{"rendered":"Offerings"},"content":{"rendered":"<div class=\"wp-block-uagb-container uagb-block-6803eae3 alignfull uagb-is-root-container\"><div class=\"uagb-container__video-wrap\"><video autoplay loop muted playsinline><source src=\"https:\/\/sefinpetroleumcorp.com\/wp-content\/uploads\/2024\/06\/2-1.mp4\" type=\"video\/mp4\"\/><\/video><\/div><div class=\"uagb-container-inner-blocks-wrap\">\n<div class=\"wp-block-uagb-advanced-heading uagb-block-a2f9964e\"><h1 class=\"uagb-heading-text\">Our Main Offers<\/h1><\/div>\n<\/div><\/div>\n\n\n\n<div class=\"wp-block-uagb-container uagb-block-623363c6 alignfull uagb-is-root-container\"><div class=\"uagb-container-inner-blocks-wrap\">\n<div class=\"wp-block-uagb-info-box uagb-block-3801b6ed uagb-infobox__content-wrap  uagb-infobox-icon-above-title uagb-infobox-image-valign-top\"><div class=\"uagb-ifb-content\"><div class=\"uagb-ifb-title-wrap\"><h2 class=\"uagb-ifb-title\">Range of Services <\/h2><\/div><p class=\"uagb-ifb-desc\">Discover our main specialized services in the oil and gas sector.<\/p><\/div><\/div>\n\n\n\n<div class=\"wp-block-columns is-layout-flex wp-container-core-columns-is-layout-9d6595d7 wp-block-columns-is-layout-flex\">\n<div class=\"wp-block-column is-layout-flow wp-block-column-is-layout-flow\">\n<div class=\"wp-block-uagb-image uagb-block-44822187 wp-block-uagb-image--layout-default wp-block-uagb-image--effect-static wp-block-uagb-image--align-none\"><figure class=\"wp-block-uagb-image__figure\"><img decoding=\"async\" srcset=\"https:\/\/sefinpetroleumcorp.com\/wp-content\/uploads\/2024\/07\/landscape-shot-box-girder-bridge-peaceful-blue-evening-1024x683.jpg ,https:\/\/sefinpetroleumcorp.com\/wp-content\/uploads\/2024\/07\/landscape-shot-box-girder-bridge-peaceful-blue-evening-scaled.jpg 780w, https:\/\/sefinpetroleumcorp.com\/wp-content\/uploads\/2024\/07\/landscape-shot-box-girder-bridge-peaceful-blue-evening-scaled.jpg 360w\" sizes=\"auto, (max-width: 480px) 150px\" src=\"https:\/\/sefinpetroleumcorp.com\/wp-content\/uploads\/2024\/07\/landscape-shot-box-girder-bridge-peaceful-blue-evening-1024x683.jpg\" alt=\"\" class=\"uag-image-2219\" width=\"545\" height=\"500\" title=\"Landscape shot of a box girder bridge during a peaceful blue evening\" loading=\"lazy\" role=\"img\"\/><\/figure><\/div>\n<\/div>\n\n\n\n<div class=\"wp-block-column is-layout-flow wp-block-column-is-layout-flow\">\n<div data-aos= \"fade-right\" data-aos-duration=\"400\" data-aos-delay=\"0\" data-aos-easing=\"ease\" data-aos-once=\"true\" class=\"wp-block-uagb-info-box uagb-block-f3d2d6b2 uagb-infobox__content-wrap  uagb-infobox-icon-above-title uagb-infobox-image-valign-top\"><div class=\"uagb-ifb-content\"><div class=\"uagb-ifb-title-wrap\"><h3 class=\"uagb-ifb-title\">OIL AND MINING TRADING<\/h3><\/div><p class=\"uagb-ifb-desc\">Between oil companies and state governments, managing the oil market negotiation process can require acute expertise. Management and conduct of oil contract negotiation procedures to obtain hydrocarbon mining titles.<\/p><div class=\"uagb-ifb-button-wrapper wp-block-button\"><a href=\"\/en\/mines\/\" class=\"uagb-infobox-cta-link wp-block-button__link\" target=\"_self\" rel=\"noopener noreferrer\" onclick=\"return true;\"><span class=\"uagb-inline-editing\">Read more<\/span><\/a><\/div><\/div><\/div>\n<\/div>\n<\/div>\n\n\n\n<div class=\"wp-block-columns is-layout-flex wp-container-core-columns-is-layout-9d6595d7 wp-block-columns-is-layout-flex\">\n<div class=\"wp-block-column is-layout-flow wp-block-column-is-layout-flow\" style=\"flex-basis:100%\">\n<div class=\"wp-block-uagb-container uagb-block-e91230d3\">\n<div class=\"wp-block-group is-nowrap is-layout-flex wp-container-core-group-is-layout-ad2f72ca wp-block-group-is-layout-flex\">\n<div class=\"wp-block-columns is-layout-flex wp-container-core-columns-is-layout-9d6595d7 wp-block-columns-is-layout-flex\">\n<div class=\"wp-block-column is-layout-flow wp-block-column-is-layout-flow\" style=\"flex-basis:100%\"><\/div>\n<\/div>\n<\/div>\n<\/div>\n<\/div>\n<\/div>\n\n\n\n<div class=\"wp-block-uagb-container uagb-block-3893b8aa\">\n<div class=\"wp-block-uagb-container uagb-block-b02b419f\">\n<div class=\"wp-block-uagb-image alignright uagb-block-2622f629 wp-block-uagb-image--layout-overlay wp-block-uagb-image--effect-static wp-block-uagb-image--align-right\"><figure class=\"wp-block-uagb-image__figure\"><img decoding=\"async\" srcset=\"https:\/\/sefinpetroleumcorp.com\/wp-content\/uploads\/2024\/06\/zipwp-image-5115938.jpeg ,https:\/\/sefinpetroleumcorp.com\/wp-content\/uploads\/2024\/06\/zipwp-image-5115938.jpeg 780w, https:\/\/sefinpetroleumcorp.com\/wp-content\/uploads\/2024\/06\/zipwp-image-5115938.jpeg 360w\" sizes=\"auto, (max-width: 480px) 150px\" src=\"https:\/\/sefinpetroleumcorp.com\/wp-content\/uploads\/2024\/06\/zipwp-image-5115938.jpeg\" alt=\"\" class=\"uag-image-1543\" width=\"560\" height=\"500\" title=\"\" loading=\"lazy\" role=\"img\"\/><div class=\"wp-block-uagb-image--layout-overlay__color-wrapper\"><\/div><div class=\"wp-block-uagb-image--layout-overlay__inner center-center\"><\/div><\/figure><\/div>\n<\/div>\n\n\n\n<div class=\"wp-block-uagb-container uagb-block-862a6668\">\n<div data-aos= \"fade-left\" data-aos-duration=\"400\" data-aos-delay=\"0\" data-aos-easing=\"ease\" data-aos-once=\"true\" class=\"wp-block-uagb-info-box uagb-block-411c16f4 uagb-infobox__content-wrap  uagb-infobox-icon-above-title uagb-infobox-image-valign-top\"><div class=\"uagb-ifb-content\"><div class=\"uagb-ifb-title-wrap\"><h3 class=\"uagb-ifb-title\">TRADING<\/h3><\/div><p class=\"uagb-ifb-desc\">Between oil companies and state governments, managing the oil market negotiation process can require acute expertise. Management and conduct of oil contract negotiation procedures to obtain hydrocarbon mining titles.<\/p><div class=\"uagb-ifb-button-wrapper wp-block-button\"><a href=\"\/en\/petrole-gaz\/\" class=\"uagb-infobox-cta-link wp-block-button__link\" target=\"_self\" rel=\"noopener noreferrer\" onclick=\"return true;\"><span class=\"uagb-inline-editing\">Read more<\/span><\/a><\/div><\/div><\/div>\n<\/div>\n<\/div>\n<\/div><\/div>\n\n\n\n<div class=\"wp-block-uagb-container uagb-block-407e9912 alignfull uagb-is-root-container\"><div class=\"uagb-container-inner-blocks-wrap\">\n<h2 class=\"wp-block-heading has-text-align-center has-theme-palette-9-color has-text-color has-link-color wp-elements-e6fe9480ace70cbd05f31adcf56d124b\"><strong>You are in the right place!<\/strong>!<\/h2>\n<\/div><\/div>\n\n\n\n<div class=\"wp-block-uagb-container uagb-block-c6476a98 alignfull uagb-is-root-container\"><div class=\"uagb-container-inner-blocks-wrap\">\n<div class=\"wp-block-uagb-container uagb-block-499f3e2a\">\n<div class=\"wp-block-uagb-advanced-heading uagb-block-6fe09642\"><h2 class=\"uagb-heading-text\">TRADING OPERATOR<\/h2><\/div>\n\n\n\n<p>The role of the trader is to supply the refineries with crude oil and to sell the company's products (diesel, kerosene, etc.). The trading operator intervenes after the trader's negotiations and carries out all these operations.<\/p>\n<\/div>\n\n\n\n<div class=\"wp-block-uagb-container uagb-block-8c7963ad\">\n<div class=\"wp-block-uagb-container uagb-block-918d0378\">\n<div class=\"wp-block-uagb-image uagb-block-0a080123 wp-block-uagb-image--layout-default wp-block-uagb-image--effect-static wp-block-uagb-image--align-none\"><figure class=\"wp-block-uagb-image__figure\"><img decoding=\"async\" srcset=\"https:\/\/sefinpetroleumcorp.com\/wp-content\/uploads\/2024\/06\/energie-verte-1024x724.jpg ,https:\/\/sefinpetroleumcorp.com\/wp-content\/uploads\/2024\/06\/energie-verte-scaled.jpg 780w, https:\/\/sefinpetroleumcorp.com\/wp-content\/uploads\/2024\/06\/energie-verte-scaled.jpg 360w\" sizes=\"auto, (max-width: 480px) 150px\" src=\"https:\/\/sefinpetroleumcorp.com\/wp-content\/uploads\/2024\/06\/energie-verte-1024x724.jpg\" alt=\"\" class=\"uag-image-1871\" width=\"560\" height=\"450\" title=\"Solar panels and wind turbine on green grass against sky background\" loading=\"lazy\" role=\"img\"\/><\/figure><\/div>\n\n\n\n<div class=\"wp-block-uagb-advanced-heading uagb-block-53687665\"><h3 class=\"uagb-heading-text\">GREEN ENERGY<\/h3><p class=\"uagb-desc-text\">The energy sector is changing with the advent of green energy, which increases renewal capacity and sustainability.<\/p><\/div>\n\n\n\n<div class=\"wp-block-buttons is-layout-flex wp-block-buttons-is-layout-flex\">\n<div class=\"wp-block-button\"><a class=\"wp-block-button__link wp-element-button\" href=\"https:\/\/sefinpetroleumcorp.com\/en\/energies\/\">Read more<\/a><\/div>\n<\/div>\n<\/div>\n\n\n\n<div class=\"wp-block-uagb-container uagb-block-a2b4d0ac\">\n<div class=\"wp-block-uagb-image alignleft uagb-block-7a16e14f wp-block-uagb-image--layout-default wp-block-uagb-image--effect-static wp-block-uagb-image--align-left\"><figure class=\"wp-block-uagb-image__figure\"><img decoding=\"async\" srcset=\"https:\/\/sefinpetroleumcorp.com\/wp-content\/uploads\/2024\/06\/zipwp-image-25823811.jpeg ,https:\/\/sefinpetroleumcorp.com\/wp-content\/uploads\/2024\/06\/zipwp-image-25823811.jpeg 780w, https:\/\/sefinpetroleumcorp.com\/wp-content\/uploads\/2024\/06\/zipwp-image-25823811.jpeg 360w\" sizes=\"auto, (max-width: 480px) 150px\" src=\"https:\/\/sefinpetroleumcorp.com\/wp-content\/uploads\/2024\/06\/zipwp-image-25823811.jpeg\" alt=\"\" class=\"uag-image-1533\" width=\"560\" height=\"450\" title=\"\" loading=\"lazy\" role=\"img\"\/><\/figure><\/div>\n\n\n\n<div class=\"wp-block-uagb-advanced-heading uagb-block-9ada9cff\"><h3 class=\"uagb-heading-text\">INFRASTRUCTURE<\/h3><\/div>\n\n\n\n<p>This service is the preferred partner of local authorities and private individuals in terms of construction and maintenance of energy infrastructure.<\/p>\n\n\n\n<div class=\"wp-block-buttons is-layout-flex wp-block-buttons-is-layout-flex\">\n<div class=\"wp-block-button is-style-fill\"><a class=\"wp-block-button__link wp-element-button\" href=\"https:\/\/sefinpetroleumcorp.com\/en\/infrastructures\/\">Read more<\/a><\/div>\n<\/div>\n<\/div>\n<\/div>\n<\/div><\/div>\n\n\n\n<div class=\"wp-block-uagb-container uagb-block-c84325e4 alignfull uagb-is-root-container\"><div class=\"uagb-container-inner-blocks-wrap\">\n<div class=\"wp-block-uagb-info-box uagb-block-d8a09d88 uagb-infobox__content-wrap  uagb-infobox-icon-above-title uagb-infobox-image-valign-top\"><div class=\"uagb-ifb-content\"><div class=\"uagb-ifb-title-wrap\"><h2 class=\"uagb-ifb-title\">Join Us Today<\/h2><\/div><p class=\"uagb-ifb-desc\">Contact us to find out how SPC can optimize your oil and gas operations for success.<\/p><div class=\"uagb-ifb-button-wrapper wp-block-button\"><a href=\"\/en\/contact\/\" class=\"uagb-infobox-cta-link wp-block-button__link\" target=\"_self\" rel=\"noopener noreferrer\" onclick=\"return true;\"><span class=\"uagb-inline-editing\">Join us<\/span><\/a><\/div><\/div><\/div>\n<\/div><\/div>","protected":false},"excerpt":{"rendered":"<p>Nos Offres Principales Vous \u00eates au bon endroit! OP\u00c9RATEUR TRADING Le r\u00f4le du trader est d\u2019approvisionner les raffineries en p\u00e9trole brut et de vendre les produits de la compagnie (gazole, k\u00e9ros\u00e8ne, etc.). L\u2019op\u00e9rateur trading intervient apr\u00e8s les n\u00e9gociations du trader et concr\u00e9tise toutes ces op\u00e9rations. ENERGIE VERTE Le secteur de l&rsquo;\u00e9nergie est en pleine mutation&#8230;<\/p>","protected":false},"author":9,"featured_media":0,"parent":0,"menu_order":0,"comment_status":"closed","ping_status":"closed","template":"","meta":{"_uag_custom_page_level_css":"","_kad_post_transparent":"enable","_kad_post_title":"hide","_kad_post_layout":"","_kad_post_sidebar_id":"","_kad_post_content_style":"","_kad_post_vertical_padding":"","_kad_post_feature":"","_kad_post_feature_position":"","_kad_post_header":false,"_kad_post_footer":false,"_joinchat":[],"footnotes":""},"class_list":["post-167","page","type-page","status-publish","hentry"],"yoast_head":"<!-- This site is optimized with the Yoast SEO plugin v26.5 - https:\/\/yoast.com\/wordpress\/plugins\/seo\/ -->\n<title>Offerings - Sefin Petroleum Corporation<\/title>\n<meta name=\"description\" content=\"D\u00e9couvrez nos principaux services sp\u00e9cialis\u00e9s dans le secteur p\u00e9trolier et gazier. - NEGOCE PETROLIER ET MINIER - TRADING - ENERGIE VERTE...\" \/>\n<meta name=\"robots\" content=\"index, follow, max-snippet:-1, max-image-preview:large, max-video-preview:-1\" \/>\n<link rel=\"canonical\" href=\"https:\/\/sefinpetroleumcorp.com\/en\/services\/\" \/>\n<meta property=\"og:locale\" content=\"en_US\" \/>\n<meta property=\"og:type\" content=\"article\" \/>\n<meta property=\"og:title\" content=\"Offerings - Sefin Petroleum Corporation\" \/>\n<meta property=\"og:description\" content=\"D\u00e9couvrez nos principaux services sp\u00e9cialis\u00e9s dans le secteur p\u00e9trolier et gazier. - NEGOCE PETROLIER ET MINIER - TRADING - ENERGIE VERTE...\" \/>\n<meta property=\"og:url\" content=\"https:\/\/sefinpetroleumcorp.com\/en\/services\/\" \/>\n<meta property=\"og:site_name\" content=\"Sefin Petroleum Corporation\" \/>\n<meta property=\"article:modified_time\" content=\"2025-03-06T22:56:00+00:00\" \/>\n<meta property=\"og:image\" content=\"https:\/\/sefinpetroleumcorp.com\/wp-content\/uploads\/2024\/07\/landscape-shot-box-girder-bridge-peaceful-blue-evening-1024x683.jpg\" \/>\n<meta name=\"twitter:card\" content=\"summary_large_image\" \/>\n<meta name=\"twitter:label1\" content=\"Est. reading time\" \/>\n\t<meta name=\"twitter:data1\" content=\"2 minutes\" \/>\n<script type=\"application\/ld+json\" class=\"yoast-schema-graph\">{\"@context\":\"https:\/\/schema.org\",\"@graph\":[{\"@type\":\"WebPage\",\"@id\":\"https:\/\/sefinpetroleumcorp.com\/services\/\",\"url\":\"https:\/\/sefinpetroleumcorp.com\/services\/\",\"name\":\"Offerings - Sefin Petroleum Corporation\",\"isPartOf\":{\"@id\":\"https:\/\/sefinpetroleumcorp.com\/#website\"},\"primaryImageOfPage\":{\"@id\":\"https:\/\/sefinpetroleumcorp.com\/services\/#primaryimage\"},\"image\":{\"@id\":\"https:\/\/sefinpetroleumcorp.com\/services\/#primaryimage\"},\"thumbnailUrl\":\"https:\/\/sefinpetroleumcorp.com\/wp-content\/uploads\/2024\/07\/landscape-shot-box-girder-bridge-peaceful-blue-evening-1024x683.jpg\",\"datePublished\":\"2024-06-23T02:35:54+00:00\",\"dateModified\":\"2025-03-06T22:56:00+00:00\",\"description\":\"D\u00e9couvrez nos principaux services sp\u00e9cialis\u00e9s dans le secteur p\u00e9trolier et gazier. - NEGOCE PETROLIER ET MINIER - TRADING - ENERGIE VERTE...\",\"breadcrumb\":{\"@id\":\"https:\/\/sefinpetroleumcorp.com\/services\/#breadcrumb\"},\"inLanguage\":\"en-US\",\"potentialAction\":[{\"@type\":\"ReadAction\",\"target\":[\"https:\/\/sefinpetroleumcorp.com\/services\/\"]}]},{\"@type\":\"ImageObject\",\"inLanguage\":\"en-US\",\"@id\":\"https:\/\/sefinpetroleumcorp.com\/services\/#primaryimage\",\"url\":\"https:\/\/sefinpetroleumcorp.com\/wp-content\/uploads\/2024\/07\/landscape-shot-box-girder-bridge-peaceful-blue-evening-1024x683.jpg\",\"contentUrl\":\"https:\/\/sefinpetroleumcorp.com\/wp-content\/uploads\/2024\/07\/landscape-shot-box-girder-bridge-peaceful-blue-evening-1024x683.jpg\"},{\"@type\":\"BreadcrumbList\",\"@id\":\"https:\/\/sefinpetroleumcorp.com\/services\/#breadcrumb\",\"itemListElement\":[{\"@type\":\"ListItem\",\"position\":1,\"name\":\"Accueil\",\"item\":\"https:\/\/sefinpetroleumcorp.com\/\"},{\"@type\":\"ListItem\",\"position\":2,\"name\":\"Offerings\"}]},{\"@type\":\"WebSite\",\"@id\":\"https:\/\/sefinpetroleumcorp.com\/#website\",\"url\":\"https:\/\/sefinpetroleumcorp.com\/\",\"name\":\"Sefin petroleum corporation\",\"description\":\"\",\"publisher\":{\"@id\":\"https:\/\/sefinpetroleumcorp.com\/#organization\"},\"potentialAction\":[{\"@type\":\"SearchAction\",\"target\":{\"@type\":\"EntryPoint\",\"urlTemplate\":\"https:\/\/sefinpetroleumcorp.com\/?s={search_term_string}\"},\"query-input\":{\"@type\":\"PropertyValueSpecification\",\"valueRequired\":true,\"valueName\":\"search_term_string\"}}],\"inLanguage\":\"en-US\"},{\"@type\":\"Organization\",\"@id\":\"https:\/\/sefinpetroleumcorp.com\/#organization\",\"name\":\"Sefin petroleum corporation\",\"url\":\"https:\/\/sefinpetroleumcorp.com\/\",\"logo\":{\"@type\":\"ImageObject\",\"inLanguage\":\"en-US\",\"@id\":\"https:\/\/sefinpetroleumcorp.com\/#\/schema\/logo\/image\/\",\"url\":\"https:\/\/sefinpetroleumcorp.com\/wp-content\/uploads\/2024\/06\/cropped-logo-png.png\",\"contentUrl\":\"https:\/\/sefinpetroleumcorp.com\/wp-content\/uploads\/2024\/06\/cropped-logo-png.png\",\"width\":499,\"height\":310,\"caption\":\"Sefin petroleum corporation\"},\"image\":{\"@id\":\"https:\/\/sefinpetroleumcorp.com\/#\/schema\/logo\/image\/\"}}]}<\/script>\n<!-- \/ Yoast SEO plugin. -->","yoast_head_json":{"title":"Offerings - Sefin Petroleum Corporation","description":"D\u00e9couvrez nos principaux services sp\u00e9cialis\u00e9s dans le secteur p\u00e9trolier et gazier. - NEGOCE PETROLIER ET MINIER - TRADING - ENERGIE VERTE...","robots":{"index":"index","follow":"follow","max-snippet":"max-snippet:-1","max-image-preview":"max-image-preview:large","max-video-preview":"max-video-preview:-1"},"canonical":"https:\/\/sefinpetroleumcorp.com\/en\/services\/","og_locale":"en_US","og_type":"article","og_title":"Offerings - Sefin Petroleum Corporation","og_description":"D\u00e9couvrez nos principaux services sp\u00e9cialis\u00e9s dans le secteur p\u00e9trolier et gazier. - NEGOCE PETROLIER ET MINIER - TRADING - ENERGIE VERTE...","og_url":"https:\/\/sefinpetroleumcorp.com\/en\/services\/","og_site_name":"Sefin Petroleum Corporation","article_modified_time":"2025-03-06T22:56:00+00:00","og_image":[{"url":"https:\/\/sefinpetroleumcorp.com\/wp-content\/uploads\/2024\/07\/landscape-shot-box-girder-bridge-peaceful-blue-evening-1024x683.jpg","type":"","width":"","height":""}],"twitter_card":"summary_large_image","twitter_misc":{"Est. reading time":"2 minutes"},"schema":{"@context":"https:\/\/schema.org","@graph":[{"@type":"WebPage","@id":"https:\/\/sefinpetroleumcorp.com\/services\/","url":"https:\/\/sefinpetroleumcorp.com\/services\/","name":"Offerings - Sefin Petroleum Corporation","isPartOf":{"@id":"https:\/\/sefinpetroleumcorp.com\/#website"},"primaryImageOfPage":{"@id":"https:\/\/sefinpetroleumcorp.com\/services\/#primaryimage"},"image":{"@id":"https:\/\/sefinpetroleumcorp.com\/services\/#primaryimage"},"thumbnailUrl":"https:\/\/sefinpetroleumcorp.com\/wp-content\/uploads\/2024\/07\/landscape-shot-box-girder-bridge-peaceful-blue-evening-1024x683.jpg","datePublished":"2024-06-23T02:35:54+00:00","dateModified":"2025-03-06T22:56:00+00:00","description":"D\u00e9couvrez nos principaux services sp\u00e9cialis\u00e9s dans le secteur p\u00e9trolier et gazier. - NEGOCE PETROLIER ET MINIER - TRADING - ENERGIE VERTE...","breadcrumb":{"@id":"https:\/\/sefinpetroleumcorp.com\/services\/#breadcrumb"},"inLanguage":"en-US","potentialAction":[{"@type":"ReadAction","target":["https:\/\/sefinpetroleumcorp.com\/services\/"]}]},{"@type":"ImageObject","inLanguage":"en-US","@id":"https:\/\/sefinpetroleumcorp.com\/services\/#primaryimage","url":"https:\/\/sefinpetroleumcorp.com\/wp-content\/uploads\/2024\/07\/landscape-shot-box-girder-bridge-peaceful-blue-evening-1024x683.jpg","contentUrl":"https:\/\/sefinpetroleumcorp.com\/wp-content\/uploads\/2024\/07\/landscape-shot-box-girder-bridge-peaceful-blue-evening-1024x683.jpg"},{"@type":"BreadcrumbList","@id":"https:\/\/sefinpetroleumcorp.com\/services\/#breadcrumb","itemListElement":[{"@type":"ListItem","position":1,"name":"Accueil","item":"https:\/\/sefinpetroleumcorp.com\/"},{"@type":"ListItem","position":2,"name":"Offerings"}]},{"@type":"WebSite","@id":"https:\/\/sefinpetroleumcorp.com\/#website","url":"https:\/\/sefinpetroleumcorp.com\/","name":"Sefin petroleum corporation","description":"","publisher":{"@id":"https:\/\/sefinpetroleumcorp.com\/#organization"},"potentialAction":[{"@type":"SearchAction","target":{"@type":"EntryPoint","urlTemplate":"https:\/\/sefinpetroleumcorp.com\/?s={search_term_string}"},"query-input":{"@type":"PropertyValueSpecification","valueRequired":true,"valueName":"search_term_string"}}],"inLanguage":"en-US"},{"@type":"Organization","@id":"https:\/\/sefinpetroleumcorp.com\/#organization","name":"Sefin petroleum corporation","url":"https:\/\/sefinpetroleumcorp.com\/","logo":{"@type":"ImageObject","inLanguage":"en-US","@id":"https:\/\/sefinpetroleumcorp.com\/#\/schema\/logo\/image\/","url":"https:\/\/sefinpetroleumcorp.com\/wp-content\/uploads\/2024\/06\/cropped-logo-png.png","contentUrl":"https:\/\/sefinpetroleumcorp.com\/wp-content\/uploads\/2024\/06\/cropped-logo-png.png","width":499,"height":310,"caption":"Sefin petroleum corporation"},"image":{"@id":"https:\/\/sefinpetroleumcorp.com\/#\/schema\/logo\/image\/"}}]}},"uagb_featured_image_src":{"full":false,"thumbnail":false,"medium":false,"medium_large":false,"large":false,"1536x1536":false,"2048x2048":false,"trp-custom-language-flag":false},"uagb_author_info":{"display_name":"sg6vemz0cpph","author_link":"https:\/\/sefinpetroleumcorp.com\/en\/author\/sg6vemz0cpph\/"},"uagb_comment_info":0,"uagb_excerpt":"Nos Offres Principales Vous \u00eates au bon endroit! OP\u00c9RATEUR TRADING Le r\u00f4le du trader est d\u2019approvisionner les raffineries en p\u00e9trole brut et de vendre les produits de la compagnie (gazole, k\u00e9ros\u00e8ne, etc.). L\u2019op\u00e9rateur trading intervient apr\u00e8s les n\u00e9gociations du trader et concr\u00e9tise toutes ces op\u00e9rations. ENERGIE VERTE Le secteur de l&rsquo;\u00e9nergie est en pleine mutation...","_links":{"self":[{"href":"https:\/\/sefinpetroleumcorp.com\/en\/wp-json\/wp\/v2\/pages\/167","targetHints":{"allow":["GET"]}}],"collection":[{"href":"https:\/\/sefinpetroleumcorp.com\/en\/wp-json\/wp\/v2\/pages"}],"about":[{"href":"https:\/\/sefinpetroleumcorp.com\/en\/wp-json\/wp\/v2\/types\/page"}],"author":[{"embeddable":true,"href":"https:\/\/sefinpetroleumcorp.com\/en\/wp-json\/wp\/v2\/users\/9"}],"replies":[{"embeddable":true,"href":"https:\/\/sefinpetroleumcorp.com\/en\/wp-json\/wp\/v2\/comments?post=167"}],"version-history":[{"count":82,"href":"https:\/\/sefinpetroleumcorp.com\/en\/wp-json\/wp\/v2\/pages\/167\/revisions"}],"predecessor-version":[{"id":2388,"href":"https:\/\/sefinpetroleumcorp.com\/en\/wp-json\/wp\/v2\/pages\/167\/revisions\/2388"}],"wp:attachment":[{"href":"https:\/\/sefinpetroleumcorp.com\/en\/wp-json\/wp\/v2\/media?parent=167"}],"curies":[{"name":"wp","href":"https:\/\/api.w.org\/{rel}","templated":true}]}}