{"id":1615,"date":"2024-06-24T15:22:41","date_gmt":"2024-06-24T15:22:41","guid":{"rendered":"https:\/\/sefinpetroleumcorp.com\/?page_id=1615"},"modified":"2025-03-06T23:10:57","modified_gmt":"2025-03-06T23:10:57","slug":"investisements","status":"publish","type":"page","link":"https:\/\/sefinpetroleumcorp.com\/en\/investisements\/","title":{"rendered":"Investments"},"content":{"rendered":"<div class=\"wp-block-uagb-container uagb-block-25efe059 alignfull uagb-is-root-container\"><div class=\"uagb-container-inner-blocks-wrap\">\n<div class=\"wp-block-uagb-advanced-heading uagb-block-152b2cf8\"><h1 class=\"uagb-heading-text\">Investment<\/h1><\/div>\n<\/div><\/div>\n\n\n\n<div class=\"wp-block-uagb-container uagb-block-jtzlqtvh alignfull uagb-is-root-container\"><div class=\"uagb-container-inner-blocks-wrap\">\n<div class=\"wp-block-uagb-info-box uagb-block-ffqpdbtb uagb-infobox__content-wrap  uagb-infobox-icon-above-title uagb-infobox-image-valign-top\"><div class=\"uagb-ifb-content\"><div class=\"uagb-ifb-title-wrap\"><h2 class=\"uagb-ifb-title\">INVESTMENT<\/h2><\/div><p class=\"uagb-ifb-desc\">SEFIN PETROLEUM CORPORATION est aussi un soci\u00e9t\u00e9 bas\u00e9e sur la lev\u00e9e des fonds d\u2019investissement, le financement des projets des entreprises. Le d\u00e9partement des investissements est sp\u00e9cialis\u00e9 dans la lev\u00e9e des fonds, le financement des grands projets, l&rsquo;ing\u00e9nierie financi\u00e8re et le pilotage des fonds d&rsquo;investissement. Chaque d\u00e9partement a un Directeur et une \u00e9quipe avec un programme ou agenda&nbsp;bien  d\u00e9fini.<\/p><\/div><\/div>\n\n\n\n<div class=\"wp-block-uagb-container uagb-block-upvifcqm\">\n<div class=\"wp-block-uagb-container uagb-block-swvwpijw\">\n<div class=\"wp-block-uagb-info-box uagb-block-qkq7eiix uagb-infobox__content-wrap  uagb-infobox-icon-above-title uagb-infobox-image-valign-top\"><div class=\"uagb-ifb-content\"><div class=\"uagb-ifb-title-wrap\"><p class=\"uagb-ifb-title\">Nous dirigeons les op\u00e9rations de n\u00e9gociations financi\u00e8res avec les banques et les investisseurs locaux ou internationaux. le d\u00e9partement des investissements est sp\u00e9cialis\u00e9 dans la lev\u00e9e des fonds, le financement des grands projets, l&rsquo;ing\u00e9nierie financi\u00e8re et le pilotage des fonds d&rsquo;investissements. Chaque d\u00e9partement aura un directeur et une \u00e9quipe avec un programme ou agenda&nbsp;bien&nbsp;d\u00e9fini.<\/p><\/div><\/div><\/div>\n\n\n\n<div class=\"wp-block-uagb-buttons uagb-buttons__outer-wrap uagb-btn__default-btn uagb-btn-tablet__default-btn uagb-btn-mobile__default-btn uagb-block-jdv4mloo\"><div class=\"uagb-buttons__wrap uagb-buttons-layout-wrap\">\n<div class=\"wp-block-uagb-buttons-child uagb-buttons__outer-wrap uagb-block-s4736hbp wp-block-button\"><div class=\"uagb-button__wrapper\"><a class=\"uagb-buttons-repeater wp-block-button__link\" aria-label=\"\" href=\"\/en\/contact\/\" rel=\"follow noopener\" target=\"_self\" role=\"button\"><div class=\"uagb-button__link\">Contact us<\/div><span class=\"uagb-button__icon uagb-button__icon-position-after\"><svg xmlns=\"https:\/\/www.w3.org\/2000\/svg\" viewbox=\"0 0 320 512\" aria-hidden=\"true\" focussable=\"false\"><path d=\"M96 480c-8.188 0-16.38-3.125-22.62-9.375c-12.5-12.5-12.5-32.75 0-45.25L242.8 256L73.38 86.63c-12.5-12.5-12.5-32.75 0-45.25s32.75-12.5 45.25 0l192 192c12.5 12.5 12.5 32.75 0 45.25l-192 192C112.4 476.9 104.2 480 96 480z\"><\/path><\/svg><\/span><\/a><\/div><\/div>\n<\/div><\/div>\n<\/div>\n\n\n\n<div class=\"wp-block-uagb-image alignleft uagb-block-5sve2my7 wp-block-uagb-image--layout-default wp-block-uagb-image--effect-static wp-block-uagb-image--align-left\"><figure class=\"wp-block-uagb-image__figure\"><img decoding=\"async\" srcset=\"https:\/\/sefinpetroleumcorp.com\/wp-content\/uploads\/2024\/07\/smart-discussing-meeting-report-phone-1-1024x683.jpg ,https:\/\/sefinpetroleumcorp.com\/wp-content\/uploads\/2024\/07\/smart-discussing-meeting-report-phone-1-scaled.jpg 780w, https:\/\/sefinpetroleumcorp.com\/wp-content\/uploads\/2024\/07\/smart-discussing-meeting-report-phone-1-scaled.jpg 360w\" sizes=\"auto, (max-width: 480px) 150px\" src=\"https:\/\/sefinpetroleumcorp.com\/wp-content\/uploads\/2024\/07\/smart-discussing-meeting-report-phone-1-1024x683.jpg\" alt=\"\" class=\"uag-image-2034\" width=\"564\" height=\"400\" title=\"Business partners discussing documents and ideas at meeting. Ben\" loading=\"lazy\" role=\"img\"\/><\/figure><\/div>\n<\/div>\n<\/div><\/div>","protected":false},"excerpt":{"rendered":"<p>Investment<\/p>","protected":false},"author":9,"featured_media":0,"parent":0,"menu_order":0,"comment_status":"closed","ping_status":"closed","template":"","meta":{"_uag_custom_page_level_css":"","_kad_post_transparent":"enable","_kad_post_title":"hide","_kad_post_layout":"","_kad_post_sidebar_id":"","_kad_post_content_style":"","_kad_post_vertical_padding":"","_kad_post_feature":"","_kad_post_feature_position":"","_kad_post_header":false,"_kad_post_footer":false,"_joinchat":[],"footnotes":""},"class_list":["post-1615","page","type-page","status-publish","hentry"],"yoast_head":"<!-- This site is optimized with the Yoast SEO plugin v26.5 - https:\/\/yoast.com\/wordpress\/plugins\/seo\/ -->\n<title>Investisements - Sefin Petroleum Corporation<\/title>\n<meta name=\"description\" content=\"Nous dirigeons les op\u00e9rations de n\u00e9gociations financi\u00e8res avec les banques et les investisseurs locaux ou internationaux. le d\u00e9partement des investissements est sp\u00e9cialis\u00e9 dans la lev\u00e9e des fonds, le financement des grands projets, l\u2019ingenirie financi\u00e8re et le pilotage des fonds d\u2019investissement.\" \/>\n<meta name=\"robots\" content=\"index, follow, max-snippet:-1, max-image-preview:large, max-video-preview:-1\" \/>\n<link rel=\"canonical\" href=\"https:\/\/sefinpetroleumcorp.com\/en\/investisements\/\" \/>\n<meta property=\"og:locale\" content=\"en_US\" \/>\n<meta property=\"og:type\" content=\"article\" \/>\n<meta property=\"og:title\" content=\"Investisements - Sefin Petroleum Corporation\" \/>\n<meta property=\"og:description\" content=\"Nous dirigeons les op\u00e9rations de n\u00e9gociations financi\u00e8res avec les banques et les investisseurs locaux ou internationaux. le d\u00e9partement des investissements est sp\u00e9cialis\u00e9 dans la lev\u00e9e des fonds, le financement des grands projets, l\u2019ingenirie financi\u00e8re et le pilotage des fonds d\u2019investissement.\" \/>\n<meta property=\"og:url\" content=\"https:\/\/sefinpetroleumcorp.com\/en\/investisements\/\" \/>\n<meta property=\"og:site_name\" content=\"Sefin Petroleum Corporation\" \/>\n<meta property=\"article:modified_time\" content=\"2025-03-06T23:10:57+00:00\" \/>\n<meta property=\"og:image\" content=\"https:\/\/sefinpetroleumcorp.com\/wp-content\/uploads\/2024\/07\/smart-discussing-meeting-report-phone-1-1024x683.jpg\" \/>\n<meta name=\"twitter:card\" content=\"summary_large_image\" \/>\n<meta name=\"twitter:label1\" content=\"Est. reading time\" \/>\n\t<meta name=\"twitter:data1\" content=\"1 minute\" \/>\n<script type=\"application\/ld+json\" class=\"yoast-schema-graph\">{\"@context\":\"https:\/\/schema.org\",\"@graph\":[{\"@type\":\"WebPage\",\"@id\":\"https:\/\/sefinpetroleumcorp.com\/investisements\/\",\"url\":\"https:\/\/sefinpetroleumcorp.com\/investisements\/\",\"name\":\"Investisements - Sefin Petroleum Corporation\",\"isPartOf\":{\"@id\":\"https:\/\/sefinpetroleumcorp.com\/#website\"},\"primaryImageOfPage\":{\"@id\":\"https:\/\/sefinpetroleumcorp.com\/investisements\/#primaryimage\"},\"image\":{\"@id\":\"https:\/\/sefinpetroleumcorp.com\/investisements\/#primaryimage\"},\"thumbnailUrl\":\"https:\/\/sefinpetroleumcorp.com\/wp-content\/uploads\/2024\/07\/smart-discussing-meeting-report-phone-1-1024x683.jpg\",\"datePublished\":\"2024-06-24T15:22:41+00:00\",\"dateModified\":\"2025-03-06T23:10:57+00:00\",\"description\":\"Nous dirigeons les op\u00e9rations de n\u00e9gociations financi\u00e8res avec les banques et les investisseurs locaux ou internationaux. le d\u00e9partement des investissements est sp\u00e9cialis\u00e9 dans la lev\u00e9e des fonds, le financement des grands projets, l\u2019ingenirie financi\u00e8re et le pilotage des fonds d\u2019investissement.\",\"breadcrumb\":{\"@id\":\"https:\/\/sefinpetroleumcorp.com\/investisements\/#breadcrumb\"},\"inLanguage\":\"en-US\",\"potentialAction\":[{\"@type\":\"ReadAction\",\"target\":[\"https:\/\/sefinpetroleumcorp.com\/investisements\/\"]}]},{\"@type\":\"ImageObject\",\"inLanguage\":\"en-US\",\"@id\":\"https:\/\/sefinpetroleumcorp.com\/investisements\/#primaryimage\",\"url\":\"https:\/\/sefinpetroleumcorp.com\/wp-content\/uploads\/2024\/07\/smart-discussing-meeting-report-phone-1-1024x683.jpg\",\"contentUrl\":\"https:\/\/sefinpetroleumcorp.com\/wp-content\/uploads\/2024\/07\/smart-discussing-meeting-report-phone-1-1024x683.jpg\"},{\"@type\":\"BreadcrumbList\",\"@id\":\"https:\/\/sefinpetroleumcorp.com\/investisements\/#breadcrumb\",\"itemListElement\":[{\"@type\":\"ListItem\",\"position\":1,\"name\":\"Accueil\",\"item\":\"https:\/\/sefinpetroleumcorp.com\/\"},{\"@type\":\"ListItem\",\"position\":2,\"name\":\"Investisements\"}]},{\"@type\":\"WebSite\",\"@id\":\"https:\/\/sefinpetroleumcorp.com\/#website\",\"url\":\"https:\/\/sefinpetroleumcorp.com\/\",\"name\":\"Sefin petroleum corporation\",\"description\":\"\",\"publisher\":{\"@id\":\"https:\/\/sefinpetroleumcorp.com\/#organization\"},\"potentialAction\":[{\"@type\":\"SearchAction\",\"target\":{\"@type\":\"EntryPoint\",\"urlTemplate\":\"https:\/\/sefinpetroleumcorp.com\/?s={search_term_string}\"},\"query-input\":{\"@type\":\"PropertyValueSpecification\",\"valueRequired\":true,\"valueName\":\"search_term_string\"}}],\"inLanguage\":\"en-US\"},{\"@type\":\"Organization\",\"@id\":\"https:\/\/sefinpetroleumcorp.com\/#organization\",\"name\":\"Sefin petroleum corporation\",\"url\":\"https:\/\/sefinpetroleumcorp.com\/\",\"logo\":{\"@type\":\"ImageObject\",\"inLanguage\":\"en-US\",\"@id\":\"https:\/\/sefinpetroleumcorp.com\/#\/schema\/logo\/image\/\",\"url\":\"https:\/\/sefinpetroleumcorp.com\/wp-content\/uploads\/2024\/06\/cropped-logo-png.png\",\"contentUrl\":\"https:\/\/sefinpetroleumcorp.com\/wp-content\/uploads\/2024\/06\/cropped-logo-png.png\",\"width\":499,\"height\":310,\"caption\":\"Sefin petroleum corporation\"},\"image\":{\"@id\":\"https:\/\/sefinpetroleumcorp.com\/#\/schema\/logo\/image\/\"}}]}<\/script>\n<!-- \/ Yoast SEO plugin. -->","yoast_head_json":{"title":"Investisements - Sefin Petroleum Corporation","description":"Nous dirigeons les op\u00e9rations de n\u00e9gociations financi\u00e8res avec les banques et les investisseurs locaux ou internationaux. le d\u00e9partement des investissements est sp\u00e9cialis\u00e9 dans la lev\u00e9e des fonds, le financement des grands projets, l\u2019ingenirie financi\u00e8re et le pilotage des fonds d\u2019investissement.","robots":{"index":"index","follow":"follow","max-snippet":"max-snippet:-1","max-image-preview":"max-image-preview:large","max-video-preview":"max-video-preview:-1"},"canonical":"https:\/\/sefinpetroleumcorp.com\/en\/investisements\/","og_locale":"en_US","og_type":"article","og_title":"Investisements - Sefin Petroleum Corporation","og_description":"Nous dirigeons les op\u00e9rations de n\u00e9gociations financi\u00e8res avec les banques et les investisseurs locaux ou internationaux. le d\u00e9partement des investissements est sp\u00e9cialis\u00e9 dans la lev\u00e9e des fonds, le financement des grands projets, l\u2019ingenirie financi\u00e8re et le pilotage des fonds d\u2019investissement.","og_url":"https:\/\/sefinpetroleumcorp.com\/en\/investisements\/","og_site_name":"Sefin Petroleum Corporation","article_modified_time":"2025-03-06T23:10:57+00:00","og_image":[{"url":"https:\/\/sefinpetroleumcorp.com\/wp-content\/uploads\/2024\/07\/smart-discussing-meeting-report-phone-1-1024x683.jpg","type":"","width":"","height":""}],"twitter_card":"summary_large_image","twitter_misc":{"Est. reading time":"1 minute"},"schema":{"@context":"https:\/\/schema.org","@graph":[{"@type":"WebPage","@id":"https:\/\/sefinpetroleumcorp.com\/investisements\/","url":"https:\/\/sefinpetroleumcorp.com\/investisements\/","name":"Investisements - Sefin Petroleum Corporation","isPartOf":{"@id":"https:\/\/sefinpetroleumcorp.com\/#website"},"primaryImageOfPage":{"@id":"https:\/\/sefinpetroleumcorp.com\/investisements\/#primaryimage"},"image":{"@id":"https:\/\/sefinpetroleumcorp.com\/investisements\/#primaryimage"},"thumbnailUrl":"https:\/\/sefinpetroleumcorp.com\/wp-content\/uploads\/2024\/07\/smart-discussing-meeting-report-phone-1-1024x683.jpg","datePublished":"2024-06-24T15:22:41+00:00","dateModified":"2025-03-06T23:10:57+00:00","description":"Nous dirigeons les op\u00e9rations de n\u00e9gociations financi\u00e8res avec les banques et les investisseurs locaux ou internationaux. le d\u00e9partement des investissements est sp\u00e9cialis\u00e9 dans la lev\u00e9e des fonds, le financement des grands projets, l\u2019ingenirie financi\u00e8re et le pilotage des fonds d\u2019investissement.","breadcrumb":{"@id":"https:\/\/sefinpetroleumcorp.com\/investisements\/#breadcrumb"},"inLanguage":"en-US","potentialAction":[{"@type":"ReadAction","target":["https:\/\/sefinpetroleumcorp.com\/investisements\/"]}]},{"@type":"ImageObject","inLanguage":"en-US","@id":"https:\/\/sefinpetroleumcorp.com\/investisements\/#primaryimage","url":"https:\/\/sefinpetroleumcorp.com\/wp-content\/uploads\/2024\/07\/smart-discussing-meeting-report-phone-1-1024x683.jpg","contentUrl":"https:\/\/sefinpetroleumcorp.com\/wp-content\/uploads\/2024\/07\/smart-discussing-meeting-report-phone-1-1024x683.jpg"},{"@type":"BreadcrumbList","@id":"https:\/\/sefinpetroleumcorp.com\/investisements\/#breadcrumb","itemListElement":[{"@type":"ListItem","position":1,"name":"Accueil","item":"https:\/\/sefinpetroleumcorp.com\/"},{"@type":"ListItem","position":2,"name":"Investisements"}]},{"@type":"WebSite","@id":"https:\/\/sefinpetroleumcorp.com\/#website","url":"https:\/\/sefinpetroleumcorp.com\/","name":"Sefin petroleum corporation","description":"","publisher":{"@id":"https:\/\/sefinpetroleumcorp.com\/#organization"},"potentialAction":[{"@type":"SearchAction","target":{"@type":"EntryPoint","urlTemplate":"https:\/\/sefinpetroleumcorp.com\/?s={search_term_string}"},"query-input":{"@type":"PropertyValueSpecification","valueRequired":true,"valueName":"search_term_string"}}],"inLanguage":"en-US"},{"@type":"Organization","@id":"https:\/\/sefinpetroleumcorp.com\/#organization","name":"Sefin petroleum corporation","url":"https:\/\/sefinpetroleumcorp.com\/","logo":{"@type":"ImageObject","inLanguage":"en-US","@id":"https:\/\/sefinpetroleumcorp.com\/#\/schema\/logo\/image\/","url":"https:\/\/sefinpetroleumcorp.com\/wp-content\/uploads\/2024\/06\/cropped-logo-png.png","contentUrl":"https:\/\/sefinpetroleumcorp.com\/wp-content\/uploads\/2024\/06\/cropped-logo-png.png","width":499,"height":310,"caption":"Sefin petroleum corporation"},"image":{"@id":"https:\/\/sefinpetroleumcorp.com\/#\/schema\/logo\/image\/"}}]}},"uagb_featured_image_src":{"full":false,"thumbnail":false,"medium":false,"medium_large":false,"large":false,"1536x1536":false,"2048x2048":false,"trp-custom-language-flag":false},"uagb_author_info":{"display_name":"sg6vemz0cpph","author_link":"https:\/\/sefinpetroleumcorp.com\/en\/author\/sg6vemz0cpph\/"},"uagb_comment_info":0,"uagb_excerpt":"Investissement","_links":{"self":[{"href":"https:\/\/sefinpetroleumcorp.com\/en\/wp-json\/wp\/v2\/pages\/1615","targetHints":{"allow":["GET"]}}],"collection":[{"href":"https:\/\/sefinpetroleumcorp.com\/en\/wp-json\/wp\/v2\/pages"}],"about":[{"href":"https:\/\/sefinpetroleumcorp.com\/en\/wp-json\/wp\/v2\/types\/page"}],"author":[{"embeddable":true,"href":"https:\/\/sefinpetroleumcorp.com\/en\/wp-json\/wp\/v2\/users\/9"}],"replies":[{"embeddable":true,"href":"https:\/\/sefinpetroleumcorp.com\/en\/wp-json\/wp\/v2\/comments?post=1615"}],"version-history":[{"count":19,"href":"https:\/\/sefinpetroleumcorp.com\/en\/wp-json\/wp\/v2\/pages\/1615\/revisions"}],"predecessor-version":[{"id":2393,"href":"https:\/\/sefinpetroleumcorp.com\/en\/wp-json\/wp\/v2\/pages\/1615\/revisions\/2393"}],"wp:attachment":[{"href":"https:\/\/sefinpetroleumcorp.com\/en\/wp-json\/wp\/v2\/media?parent=1615"}],"curies":[{"name":"wp","href":"https:\/\/api.w.org\/{rel}","templated":true}]}}