{"id":1613,"date":"2024-06-24T15:21:40","date_gmt":"2024-06-24T15:21:40","guid":{"rendered":"https:\/\/sefinpetroleumcorp.com\/?page_id=1613"},"modified":"2025-03-06T22:59:50","modified_gmt":"2025-03-06T22:59:50","slug":"energies","status":"publish","type":"page","link":"https:\/\/sefinpetroleumcorp.com\/en\/energies\/","title":{"rendered":"Energies"},"content":{"rendered":"<div class=\"wp-block-uagb-container uagb-block-25efe059 alignfull uagb-is-root-container\"><div class=\"uagb-container__video-wrap\"><video autoplay loop muted playsinline><source src=\"https:\/\/sefinpetroleumcorp.com\/wp-content\/uploads\/2024\/06\/6.mp4\" type=\"video\/mp4\"\/><\/video><\/div><div class=\"uagb-container-inner-blocks-wrap\">\n<div class=\"wp-block-uagb-advanced-heading uagb-block-152b2cf8\"><h1 class=\"uagb-heading-text\">Green Energy<\/h1><\/div>\n<\/div><\/div>\n\n\n\n<div class=\"wp-block-uagb-container uagb-block-1ktneal0 alignfull uagb-is-root-container\"><div class=\"uagb-container-inner-blocks-wrap\">\n<div class=\"wp-block-uagb-info-box uagb-block-bqumgxoc uagb-infobox__content-wrap  uagb-infobox-icon-above-title uagb-infobox-image-valign-top\"><div class=\"uagb-ifb-content\"><div class=\"uagb-ifb-title-wrap\"><h2 class=\"uagb-ifb-title\">GREEN ENERGY<\/h2><\/div><\/div><\/div>\n\n\n\n<div class=\"wp-block-uagb-container uagb-block-0tfpye6d\">\n<div class=\"wp-block-uagb-container uagb-block-sgxhqvve\">\n<div class=\"wp-block-uagb-info-box uagb-block-bhofwcvt uagb-infobox__content-wrap  uagb-infobox-icon-above-title uagb-infobox-image-valign-top\"><div class=\"uagb-ifb-content\"><div class=\"uagb-ifb-title-wrap\"><h5 class=\"uagb-ifb-title\">The energy sector is changing with the advent of green energy, which increases renewal capacity and sustainability. <\/h5><\/div><p class=\"uagb-ifb-desc\">Green energy virtually leads to the creation of new spontaneous supply chains as its use becomes more widespread. This means that building new systems and processes around them becomes imperative.<\/p><\/div><\/div>\n\n\n\n<div class=\"wp-block-uagb-buttons uagb-buttons__outer-wrap uagb-btn__default-btn uagb-btn-tablet__default-btn uagb-btn-mobile__default-btn uagb-block-jxjn557x\"><div class=\"uagb-buttons__wrap uagb-buttons-layout-wrap\">\n<div class=\"wp-block-uagb-buttons-child uagb-buttons__outer-wrap uagb-block-2n30iu5s wp-block-button\"><div class=\"uagb-button__wrapper\"><a class=\"uagb-buttons-repeater wp-block-button__link\" aria-label=\"\" href=\"\/en\/contact\/\" rel=\"follow noopener\" target=\"_self\" role=\"button\"><div class=\"uagb-button__link\">Contact us<\/div><span class=\"uagb-button__icon uagb-button__icon-position-after\"><svg xmlns=\"https:\/\/www.w3.org\/2000\/svg\" viewbox=\"0 0 320 512\" aria-hidden=\"true\" focussable=\"false\"><path d=\"M96 480c-8.188 0-16.38-3.125-22.62-9.375c-12.5-12.5-12.5-32.75 0-45.25L242.8 256L73.38 86.63c-12.5-12.5-12.5-32.75 0-45.25s32.75-12.5 45.25 0l192 192c12.5 12.5 12.5 32.75 0 45.25l-192 192C112.4 476.9 104.2 480 96 480z\"><\/path><\/svg><\/span><\/a><\/div><\/div>\n<\/div><\/div>\n<\/div>\n\n\n\n<div class=\"wp-block-uagb-image alignleft uagb-block-qfx6wnb3 wp-block-uagb-image--layout-default wp-block-uagb-image--effect-static wp-block-uagb-image--align-left\"><figure class=\"wp-block-uagb-image__figure\"><img decoding=\"async\" srcset=\"https:\/\/sefinpetroleumcorp.com\/wp-content\/uploads\/2024\/06\/energie-verte-1024x724.jpg ,https:\/\/sefinpetroleumcorp.com\/wp-content\/uploads\/2024\/06\/energie-verte-scaled.jpg 780w, https:\/\/sefinpetroleumcorp.com\/wp-content\/uploads\/2024\/06\/energie-verte-scaled.jpg 360w\" sizes=\"auto, (max-width: 480px) 150px\" src=\"https:\/\/sefinpetroleumcorp.com\/wp-content\/uploads\/2024\/06\/energie-verte-1024x724.jpg\" alt=\"\" class=\"uag-image-1871\" width=\"564\" height=\"400\" title=\"Solar panels and wind turbine on green grass against sky background\" loading=\"lazy\" role=\"img\"\/><\/figure><\/div>\n<\/div>\n<\/div><\/div>","protected":false},"excerpt":{"rendered":"<p>Green Energy<\/p>","protected":false},"author":9,"featured_media":0,"parent":0,"menu_order":0,"comment_status":"closed","ping_status":"closed","template":"","meta":{"_uag_custom_page_level_css":"","_kad_post_transparent":"enable","_kad_post_title":"hide","_kad_post_layout":"","_kad_post_sidebar_id":"","_kad_post_content_style":"","_kad_post_vertical_padding":"","_kad_post_feature":"","_kad_post_feature_position":"","_kad_post_header":false,"_kad_post_footer":false,"_joinchat":[],"footnotes":""},"class_list":["post-1613","page","type-page","status-publish","hentry"],"yoast_head":"<!-- This site is optimized with the Yoast SEO plugin v26.5 - https:\/\/yoast.com\/wordpress\/plugins\/seo\/ -->\n<title>Energies - Sefin Petroleum Corporation<\/title>\n<meta name=\"description\" content=\"Le secteur de l&#039;\u00e9nergie est en pleine mutation avec l&#039;av\u00e8nement de l&#039;\u00e9nergie verte, qui permet d&#039;accro\u00eetre la capacit\u00e9 de renouvellement et la durabilit\u00e9.\" \/>\n<meta name=\"robots\" content=\"index, follow, max-snippet:-1, max-image-preview:large, max-video-preview:-1\" \/>\n<link rel=\"canonical\" href=\"https:\/\/sefinpetroleumcorp.com\/en\/energies\/\" \/>\n<meta property=\"og:locale\" content=\"en_US\" \/>\n<meta property=\"og:type\" content=\"article\" \/>\n<meta property=\"og:title\" content=\"Energies - Sefin Petroleum Corporation\" \/>\n<meta property=\"og:description\" content=\"Le secteur de l&#039;\u00e9nergie est en pleine mutation avec l&#039;av\u00e8nement de l&#039;\u00e9nergie verte, qui permet d&#039;accro\u00eetre la capacit\u00e9 de renouvellement et la durabilit\u00e9.\" \/>\n<meta property=\"og:url\" content=\"https:\/\/sefinpetroleumcorp.com\/en\/energies\/\" \/>\n<meta property=\"og:site_name\" content=\"Sefin Petroleum Corporation\" \/>\n<meta property=\"article:modified_time\" content=\"2025-03-06T22:59:50+00:00\" \/>\n<meta property=\"og:image\" content=\"https:\/\/sefinpetroleumcorp.com\/wp-content\/uploads\/2024\/06\/energie-verte-1024x724.jpg\" \/>\n<meta name=\"twitter:card\" content=\"summary_large_image\" \/>\n<meta name=\"twitter:label1\" content=\"Est. reading time\" \/>\n\t<meta name=\"twitter:data1\" content=\"1 minute\" \/>\n<script type=\"application\/ld+json\" class=\"yoast-schema-graph\">{\"@context\":\"https:\/\/schema.org\",\"@graph\":[{\"@type\":\"WebPage\",\"@id\":\"https:\/\/sefinpetroleumcorp.com\/energies\/\",\"url\":\"https:\/\/sefinpetroleumcorp.com\/energies\/\",\"name\":\"Energies - Sefin Petroleum Corporation\",\"isPartOf\":{\"@id\":\"https:\/\/sefinpetroleumcorp.com\/#website\"},\"primaryImageOfPage\":{\"@id\":\"https:\/\/sefinpetroleumcorp.com\/energies\/#primaryimage\"},\"image\":{\"@id\":\"https:\/\/sefinpetroleumcorp.com\/energies\/#primaryimage\"},\"thumbnailUrl\":\"https:\/\/sefinpetroleumcorp.com\/wp-content\/uploads\/2024\/06\/energie-verte-1024x724.jpg\",\"datePublished\":\"2024-06-24T15:21:40+00:00\",\"dateModified\":\"2025-03-06T22:59:50+00:00\",\"description\":\"Le secteur de l'\u00e9nergie est en pleine mutation avec l'av\u00e8nement de l'\u00e9nergie verte, qui permet d'accro\u00eetre la capacit\u00e9 de renouvellement et la durabilit\u00e9.\",\"breadcrumb\":{\"@id\":\"https:\/\/sefinpetroleumcorp.com\/energies\/#breadcrumb\"},\"inLanguage\":\"en-US\",\"potentialAction\":[{\"@type\":\"ReadAction\",\"target\":[\"https:\/\/sefinpetroleumcorp.com\/energies\/\"]}]},{\"@type\":\"ImageObject\",\"inLanguage\":\"en-US\",\"@id\":\"https:\/\/sefinpetroleumcorp.com\/energies\/#primaryimage\",\"url\":\"https:\/\/sefinpetroleumcorp.com\/wp-content\/uploads\/2024\/06\/energie-verte-1024x724.jpg\",\"contentUrl\":\"https:\/\/sefinpetroleumcorp.com\/wp-content\/uploads\/2024\/06\/energie-verte-1024x724.jpg\"},{\"@type\":\"BreadcrumbList\",\"@id\":\"https:\/\/sefinpetroleumcorp.com\/energies\/#breadcrumb\",\"itemListElement\":[{\"@type\":\"ListItem\",\"position\":1,\"name\":\"Accueil\",\"item\":\"https:\/\/sefinpetroleumcorp.com\/\"},{\"@type\":\"ListItem\",\"position\":2,\"name\":\"Energies\"}]},{\"@type\":\"WebSite\",\"@id\":\"https:\/\/sefinpetroleumcorp.com\/#website\",\"url\":\"https:\/\/sefinpetroleumcorp.com\/\",\"name\":\"Sefin petroleum corporation\",\"description\":\"\",\"publisher\":{\"@id\":\"https:\/\/sefinpetroleumcorp.com\/#organization\"},\"potentialAction\":[{\"@type\":\"SearchAction\",\"target\":{\"@type\":\"EntryPoint\",\"urlTemplate\":\"https:\/\/sefinpetroleumcorp.com\/?s={search_term_string}\"},\"query-input\":{\"@type\":\"PropertyValueSpecification\",\"valueRequired\":true,\"valueName\":\"search_term_string\"}}],\"inLanguage\":\"en-US\"},{\"@type\":\"Organization\",\"@id\":\"https:\/\/sefinpetroleumcorp.com\/#organization\",\"name\":\"Sefin petroleum corporation\",\"url\":\"https:\/\/sefinpetroleumcorp.com\/\",\"logo\":{\"@type\":\"ImageObject\",\"inLanguage\":\"en-US\",\"@id\":\"https:\/\/sefinpetroleumcorp.com\/#\/schema\/logo\/image\/\",\"url\":\"https:\/\/sefinpetroleumcorp.com\/wp-content\/uploads\/2024\/06\/cropped-logo-png.png\",\"contentUrl\":\"https:\/\/sefinpetroleumcorp.com\/wp-content\/uploads\/2024\/06\/cropped-logo-png.png\",\"width\":499,\"height\":310,\"caption\":\"Sefin petroleum corporation\"},\"image\":{\"@id\":\"https:\/\/sefinpetroleumcorp.com\/#\/schema\/logo\/image\/\"}}]}<\/script>\n<!-- \/ Yoast SEO plugin. -->","yoast_head_json":{"title":"Energies - Sefin Petroleum Corporation","description":"Le secteur de l'\u00e9nergie est en pleine mutation avec l'av\u00e8nement de l'\u00e9nergie verte, qui permet d'accro\u00eetre la capacit\u00e9 de renouvellement et la durabilit\u00e9.","robots":{"index":"index","follow":"follow","max-snippet":"max-snippet:-1","max-image-preview":"max-image-preview:large","max-video-preview":"max-video-preview:-1"},"canonical":"https:\/\/sefinpetroleumcorp.com\/en\/energies\/","og_locale":"en_US","og_type":"article","og_title":"Energies - Sefin Petroleum Corporation","og_description":"Le secteur de l'\u00e9nergie est en pleine mutation avec l'av\u00e8nement de l'\u00e9nergie verte, qui permet d'accro\u00eetre la capacit\u00e9 de renouvellement et la durabilit\u00e9.","og_url":"https:\/\/sefinpetroleumcorp.com\/en\/energies\/","og_site_name":"Sefin Petroleum Corporation","article_modified_time":"2025-03-06T22:59:50+00:00","og_image":[{"url":"https:\/\/sefinpetroleumcorp.com\/wp-content\/uploads\/2024\/06\/energie-verte-1024x724.jpg","type":"","width":"","height":""}],"twitter_card":"summary_large_image","twitter_misc":{"Est. reading time":"1 minute"},"schema":{"@context":"https:\/\/schema.org","@graph":[{"@type":"WebPage","@id":"https:\/\/sefinpetroleumcorp.com\/energies\/","url":"https:\/\/sefinpetroleumcorp.com\/energies\/","name":"Energies - Sefin Petroleum Corporation","isPartOf":{"@id":"https:\/\/sefinpetroleumcorp.com\/#website"},"primaryImageOfPage":{"@id":"https:\/\/sefinpetroleumcorp.com\/energies\/#primaryimage"},"image":{"@id":"https:\/\/sefinpetroleumcorp.com\/energies\/#primaryimage"},"thumbnailUrl":"https:\/\/sefinpetroleumcorp.com\/wp-content\/uploads\/2024\/06\/energie-verte-1024x724.jpg","datePublished":"2024-06-24T15:21:40+00:00","dateModified":"2025-03-06T22:59:50+00:00","description":"Le secteur de l'\u00e9nergie est en pleine mutation avec l'av\u00e8nement de l'\u00e9nergie verte, qui permet d'accro\u00eetre la capacit\u00e9 de renouvellement et la durabilit\u00e9.","breadcrumb":{"@id":"https:\/\/sefinpetroleumcorp.com\/energies\/#breadcrumb"},"inLanguage":"en-US","potentialAction":[{"@type":"ReadAction","target":["https:\/\/sefinpetroleumcorp.com\/energies\/"]}]},{"@type":"ImageObject","inLanguage":"en-US","@id":"https:\/\/sefinpetroleumcorp.com\/energies\/#primaryimage","url":"https:\/\/sefinpetroleumcorp.com\/wp-content\/uploads\/2024\/06\/energie-verte-1024x724.jpg","contentUrl":"https:\/\/sefinpetroleumcorp.com\/wp-content\/uploads\/2024\/06\/energie-verte-1024x724.jpg"},{"@type":"BreadcrumbList","@id":"https:\/\/sefinpetroleumcorp.com\/energies\/#breadcrumb","itemListElement":[{"@type":"ListItem","position":1,"name":"Accueil","item":"https:\/\/sefinpetroleumcorp.com\/"},{"@type":"ListItem","position":2,"name":"Energies"}]},{"@type":"WebSite","@id":"https:\/\/sefinpetroleumcorp.com\/#website","url":"https:\/\/sefinpetroleumcorp.com\/","name":"Sefin petroleum corporation","description":"","publisher":{"@id":"https:\/\/sefinpetroleumcorp.com\/#organization"},"potentialAction":[{"@type":"SearchAction","target":{"@type":"EntryPoint","urlTemplate":"https:\/\/sefinpetroleumcorp.com\/?s={search_term_string}"},"query-input":{"@type":"PropertyValueSpecification","valueRequired":true,"valueName":"search_term_string"}}],"inLanguage":"en-US"},{"@type":"Organization","@id":"https:\/\/sefinpetroleumcorp.com\/#organization","name":"Sefin petroleum corporation","url":"https:\/\/sefinpetroleumcorp.com\/","logo":{"@type":"ImageObject","inLanguage":"en-US","@id":"https:\/\/sefinpetroleumcorp.com\/#\/schema\/logo\/image\/","url":"https:\/\/sefinpetroleumcorp.com\/wp-content\/uploads\/2024\/06\/cropped-logo-png.png","contentUrl":"https:\/\/sefinpetroleumcorp.com\/wp-content\/uploads\/2024\/06\/cropped-logo-png.png","width":499,"height":310,"caption":"Sefin petroleum corporation"},"image":{"@id":"https:\/\/sefinpetroleumcorp.com\/#\/schema\/logo\/image\/"}}]}},"uagb_featured_image_src":{"full":false,"thumbnail":false,"medium":false,"medium_large":false,"large":false,"1536x1536":false,"2048x2048":false,"trp-custom-language-flag":false},"uagb_author_info":{"display_name":"sg6vemz0cpph","author_link":"https:\/\/sefinpetroleumcorp.com\/en\/author\/sg6vemz0cpph\/"},"uagb_comment_info":0,"uagb_excerpt":"Energie verte","_links":{"self":[{"href":"https:\/\/sefinpetroleumcorp.com\/en\/wp-json\/wp\/v2\/pages\/1613","targetHints":{"allow":["GET"]}}],"collection":[{"href":"https:\/\/sefinpetroleumcorp.com\/en\/wp-json\/wp\/v2\/pages"}],"about":[{"href":"https:\/\/sefinpetroleumcorp.com\/en\/wp-json\/wp\/v2\/types\/page"}],"author":[{"embeddable":true,"href":"https:\/\/sefinpetroleumcorp.com\/en\/wp-json\/wp\/v2\/users\/9"}],"replies":[{"embeddable":true,"href":"https:\/\/sefinpetroleumcorp.com\/en\/wp-json\/wp\/v2\/comments?post=1613"}],"version-history":[{"count":8,"href":"https:\/\/sefinpetroleumcorp.com\/en\/wp-json\/wp\/v2\/pages\/1613\/revisions"}],"predecessor-version":[{"id":2391,"href":"https:\/\/sefinpetroleumcorp.com\/en\/wp-json\/wp\/v2\/pages\/1613\/revisions\/2391"}],"wp:attachment":[{"href":"https:\/\/sefinpetroleumcorp.com\/en\/wp-json\/wp\/v2\/media?parent=1613"}],"curies":[{"name":"wp","href":"https:\/\/api.w.org\/{rel}","templated":true}]}}