{"id":118,"date":"2024-06-23T02:35:55","date_gmt":"2024-06-23T02:35:55","guid":{"rendered":"https:\/\/sefinpetroleumcorp.com\/?page_id=118"},"modified":"2025-03-07T00:27:03","modified_gmt":"2025-03-07T00:27:03","slug":"about","status":"publish","type":"page","link":"https:\/\/sefinpetroleumcorp.com\/en\/about\/","title":{"rendered":"About"},"content":{"rendered":"<div class=\"wp-block-uagb-container uagb-block-7fa683e6 alignfull uagb-is-root-container\"><div class=\"uagb-container-inner-blocks-wrap\">\n<div class=\"wp-block-uagb-advanced-heading uagb-block-74b342eb\"><h1 class=\"uagb-heading-text\">Who are we?<\/h1><\/div>\n<\/div><\/div>\n\n\n\n<div class=\"wp-block-uagb-container uagb-block-94ded581 alignfull uagb-is-root-container\"><div class=\"uagb-container-inner-blocks-wrap\">\n<div class=\"wp-block-uagb-advanced-heading uagb-block-671f3570\"><h2 class=\"uagb-heading-text\">Our History <\/h2><p class=\"uagb-desc-text\">SEFIN PETROLEUM CORPORATION is a simplified joint stock company under Senegalese law, governed by national laws and Ohada law.<\/p><\/div>\n\n\n\n<div class=\"wp-block-uagb-container uagb-block-21891d52\">\n<div class=\"wp-block-uagb-container uagb-block-8a4a99e4\">\n<div data-aos= \"fade-down\" data-aos-duration=\"400\" data-aos-delay=\"0\" data-aos-easing=\"ease\" data-aos-once=\"true\" class=\"wp-block-uagb-image alignleft uagb-block-e71a6b83 wp-block-uagb-image--layout-default wp-block-uagb-image--effect-static wp-block-uagb-image--align-left\"><figure class=\"wp-block-uagb-image__figure\"><img decoding=\"async\" srcset=\"https:\/\/sefinpetroleumcorp.com\/wp-content\/uploads\/2024\/06\/business-partners-shaking-hands-agreement-1-683x1024.jpg ,https:\/\/sefinpetroleumcorp.com\/wp-content\/uploads\/2024\/06\/business-partners-shaking-hands-agreement-1-scaled.jpg 780w, https:\/\/sefinpetroleumcorp.com\/wp-content\/uploads\/2024\/06\/business-partners-shaking-hands-agreement-1-scaled.jpg 360w\" sizes=\"auto, (max-width: 480px) 150px\" src=\"https:\/\/sefinpetroleumcorp.com\/wp-content\/uploads\/2024\/06\/business-partners-shaking-hands-agreement-1-683x1024.jpg\" alt=\"\" class=\"uag-image-1817\" width=\"526\" height=\"536\" title=\"\" loading=\"lazy\" role=\"presentation\"\/><\/figure><\/div>\n<\/div>\n\n\n\n<div class=\"wp-block-uagb-container uagb-block-7e959f87\">\n<div class=\"wp-block-uagb-info-box uagb-block-4960c374 uagb-infobox__content-wrap  uagb-infobox-icon-above-title uagb-infobox-image-valign-top wp-block-uagb-info-box--has-margin\"><div class=\"uagb-infobox-margin-wrapper\"><div class=\"uagb-ifb-content\"><div class=\"uagb-ifb-title-wrap\"><\/div><p class=\"uagb-ifb-desc\">It becomes the first oil trading company in Senegal and one of the largest traders of petroleum and mining products in Africa. It is involved in lover and downstream activities. Attached to several African, Canadian, American and European investment banks helping to finance its projects, SEFIN PETROLEUM CORPORATION SAS constitutes a trading platform, with several governments and public and private companies, within the framework of obtaining licenses for exploitation and\/or exploration of oil, mining and energy, in the realization of renewable energy, infrastructure and sanitation projects. It should also be noted that the company has the ambition to establish itself in several countries in Africa, the Middle East and elsewhere.<\/p><\/div><\/div><\/div>\n<\/div>\n<\/div>\n<\/div><\/div>\n\n\n\n<div class=\"wp-block-uagb-container uagb-block-hnaxfesq alignfull uagb-is-root-container\"><div class=\"uagb-container-inner-blocks-wrap\">\n<div class=\"wp-block-uagb-container uagb-block-tioc4kxz\">\n<p class=\"has-text-align-center\">Our philosophy as a petroleum products trader is to anticipate the smallest details while striving for perfection in all our transactions. We bring together a talented and qualified team capable of meeting the constraints of customers and suppliers, in order to minimize delays and optimize transactions. Thanks to many years of experience, our team knows how to act quickly and efficiently to respond to unforeseen circumstances.<\/p>\n<\/div>\n\n\n\n<div class=\"wp-block-uagb-container uagb-block-at1eahsb\">\n<div class=\"wp-block-uagb-image alignleft uagb-block-ksd5jfn5 wp-block-uagb-image--layout-default wp-block-uagb-image--effect-static wp-block-uagb-image--align-left\"><figure class=\"wp-block-uagb-image__figure\"><img decoding=\"async\" srcset=\"https:\/\/sefinpetroleumcorp.com\/wp-content\/uploads\/2024\/07\/WhatsApp-Image-2024-04-03-a-01.07.46_8186326b.png ,https:\/\/sefinpetroleumcorp.com\/wp-content\/uploads\/2024\/07\/WhatsApp-Image-2024-04-03-a-01.07.46_8186326b.png 780w, https:\/\/sefinpetroleumcorp.com\/wp-content\/uploads\/2024\/07\/WhatsApp-Image-2024-04-03-a-01.07.46_8186326b.png 360w\" sizes=\"auto, (max-width: 480px) 150px\" src=\"https:\/\/sefinpetroleumcorp.com\/wp-content\/uploads\/2024\/07\/WhatsApp-Image-2024-04-03-a-01.07.46_8186326b.png\" alt=\"\" class=\"uag-image-2228\" width=\"270\" height=\"360\" title=\"WhatsApp Image 2024-04-03 \u00e0 01.07.46_8186326b\" loading=\"lazy\" role=\"img\"\/><\/figure><\/div>\n\n\n\n<div class=\"wp-block-uagb-image alignleft uagb-block-t4bu6zu6 wp-block-uagb-image--layout-default wp-block-uagb-image--effect-static wp-block-uagb-image--align-left\"><figure class=\"wp-block-uagb-image__figure\"><img decoding=\"async\" srcset=\"https:\/\/sefinpetroleumcorp.com\/wp-content\/uploads\/2024\/07\/WhatsApp-Image-2024-03-28-a-08.54.40_b7c39877-1024x683.png ,https:\/\/sefinpetroleumcorp.com\/wp-content\/uploads\/2024\/07\/WhatsApp-Image-2024-03-28-a-08.54.40_b7c39877.png 780w, https:\/\/sefinpetroleumcorp.com\/wp-content\/uploads\/2024\/07\/WhatsApp-Image-2024-03-28-a-08.54.40_b7c39877.png 360w\" sizes=\"auto, (max-width: 480px) 150px\" src=\"https:\/\/sefinpetroleumcorp.com\/wp-content\/uploads\/2024\/07\/WhatsApp-Image-2024-03-28-a-08.54.40_b7c39877-1024x683.png\" alt=\"\" class=\"uag-image-2227\" width=\"270\" height=\"360\" title=\"WhatsApp Image 2024-03-28 \u00e0 08.54.40_b7c39877\" loading=\"lazy\" role=\"img\"\/><\/figure><\/div>\n<\/div>\n<\/div><\/div>\n\n\n\n<div class=\"wp-block-uagb-container uagb-block-cc344175 alignfull uagb-is-root-container\"><div class=\"uagb-container-inner-blocks-wrap\">\n<div class=\"wp-block-uagb-advanced-heading uagb-block-7b2294a3\"><h2 class=\"uagb-heading-text\">Our values<\/h2><p class=\"uagb-desc-text\">The values \u200b\u200bof a company or \u201ccorporate values\u201d of our company are the principles on which it bases itself to evolve in its sector and make its strategic decisions to achieve its objectives.<\/p><\/div>\n\n\n\n<div class=\"wp-block-uagb-container uagb-block-ecb8dade\">\n<div class=\"wp-block-uagb-advanced-heading uagb-block-bef7d43a\"><h4 class=\"uagb-heading-text\">Proximity<\/h4><p class=\"uagb-desc-text\">We connect with our customers wherever they are to facilitate their supply and support their most ardent needs in the broadest strategic approach.<\/p><\/div>\n\n\n\n<div class=\"wp-block-uagb-advanced-heading uagb-block-b863782d\"><h4 class=\"uagb-heading-text\">Dynamism<\/h4><p class=\"uagb-desc-text\">We have a team of young lawyers, traders and engineers specializing in the extractive industries, guaranteeing dynamism to respond effectively to the highest demands of our clients and partners with thoroughness and pragmatism.<\/p><\/div>\n\n\n\n<div class=\"wp-block-uagb-advanced-heading uagb-block-9f890ad2\"><h4 class=\"uagb-heading-text\">Innovation<\/h4><p class=\"uagb-desc-text\">Our company advocates another vision of the business world, focused on new technologies combining efficiency and modernity. <\/p><\/div>\n\n\n\n<div class=\"wp-block-uagb-advanced-heading uagb-block-faad086d\"><h4 class=\"uagb-heading-text\">Responsibility<br><\/h4><p class=\"uagb-desc-text\">Our company radiates intercontinental ambition, in a world full of challenges, which means that we impose a keen sense of responsibility on ourselves to guarantee quality service on each project.<\/p><\/div>\n<\/div>\n<\/div><\/div>\n\n\n\n<div class=\"wp-block-uagb-container uagb-block-c84325e4 alignfull uagb-is-root-container\"><div class=\"uagb-container-inner-blocks-wrap\">\n<div class=\"wp-block-uagb-info-box uagb-block-d8a09d88 uagb-infobox__content-wrap  uagb-infobox-icon-above-title uagb-infobox-image-valign-top\"><div class=\"uagb-ifb-content\"><div class=\"uagb-ifb-title-wrap\"><h2 class=\"uagb-ifb-title\">Join Us Today<\/h2><\/div><p class=\"uagb-ifb-desc\">Contact us to find out how SPC can optimize your oil and gas operations for success.<\/p><div class=\"uagb-ifb-button-wrapper wp-block-button\"><a href=\"\/en\/contact\/\" class=\"uagb-infobox-cta-link wp-block-button__link\" target=\"_self\" rel=\"noopener noreferrer\" onclick=\"return true;\"><span class=\"uagb-inline-editing\">Join us<\/span><\/a><\/div><\/div><\/div>\n<\/div><\/div>","protected":false},"excerpt":{"rendered":"<p>Qui sommes nous? Notre Histoire SEFIN PETROLEUM CORPORATION est une soci\u00e9t\u00e9 par actions simplifi\u00e9es de droit s\u00e9n\u00e9galais, r\u00e9gie sous les lois nationales et le droit ohada. Notre philosophie en tant que n\u00e9gociant de produits p\u00e9troliers est d&rsquo;anticiper les moindres d\u00e9tails en visant la perfection dans toutes nos transactions. Nous regroupons une \u00e9quipe talentueuse et qualifi\u00e9e&#8230;<\/p>","protected":false},"author":9,"featured_media":0,"parent":0,"menu_order":0,"comment_status":"closed","ping_status":"closed","template":"","meta":{"_uag_custom_page_level_css":"","_kad_post_transparent":"enable","_kad_post_title":"hide","_kad_post_layout":"","_kad_post_sidebar_id":"","_kad_post_content_style":"","_kad_post_vertical_padding":"","_kad_post_feature":"","_kad_post_feature_position":"","_kad_post_header":false,"_kad_post_footer":false,"_joinchat":[],"footnotes":""},"class_list":["post-118","page","type-page","status-publish","hentry"],"yoast_head":"<!-- This site is optimized with the Yoast SEO plugin v26.5 - https:\/\/yoast.com\/wordpress\/plugins\/seo\/ -->\n<title>About - Sefin Petroleum Corporation<\/title>\n<meta name=\"robots\" content=\"index, follow, max-snippet:-1, max-image-preview:large, max-video-preview:-1\" \/>\n<link rel=\"canonical\" href=\"https:\/\/sefinpetroleumcorp.com\/en\/about\/\" \/>\n<meta property=\"og:locale\" content=\"en_US\" \/>\n<meta property=\"og:type\" content=\"article\" \/>\n<meta property=\"og:title\" content=\"About - Sefin Petroleum Corporation\" \/>\n<meta property=\"og:description\" content=\"Qui sommes nous? Notre Histoire SEFIN PETROLEUM CORPORATION est une soci\u00e9t\u00e9 par actions simplifi\u00e9es de droit s\u00e9n\u00e9galais, r\u00e9gie sous les lois nationales et le droit ohada. Notre philosophie en tant que n\u00e9gociant de produits p\u00e9troliers est d&rsquo;anticiper les moindres d\u00e9tails en visant la perfection dans toutes nos transactions. Nous regroupons une \u00e9quipe talentueuse et qualifi\u00e9e...\" \/>\n<meta property=\"og:url\" content=\"https:\/\/sefinpetroleumcorp.com\/en\/about\/\" \/>\n<meta property=\"og:site_name\" content=\"Sefin Petroleum Corporation\" \/>\n<meta property=\"article:modified_time\" content=\"2025-03-07T00:27:03+00:00\" \/>\n<meta property=\"og:image\" content=\"https:\/\/sefinpetroleumcorp.com\/wp-content\/uploads\/2024\/06\/business-partners-shaking-hands-agreement-1-683x1024.jpg\" \/>\n<meta name=\"twitter:card\" content=\"summary_large_image\" \/>\n<meta name=\"twitter:label1\" content=\"Est. reading time\" \/>\n\t<meta name=\"twitter:data1\" content=\"3 minutes\" \/>\n<script type=\"application\/ld+json\" class=\"yoast-schema-graph\">{\"@context\":\"https:\/\/schema.org\",\"@graph\":[{\"@type\":\"WebPage\",\"@id\":\"https:\/\/sefinpetroleumcorp.com\/about\/\",\"url\":\"https:\/\/sefinpetroleumcorp.com\/about\/\",\"name\":\"About - Sefin Petroleum Corporation\",\"isPartOf\":{\"@id\":\"https:\/\/sefinpetroleumcorp.com\/#website\"},\"primaryImageOfPage\":{\"@id\":\"https:\/\/sefinpetroleumcorp.com\/about\/#primaryimage\"},\"image\":{\"@id\":\"https:\/\/sefinpetroleumcorp.com\/about\/#primaryimage\"},\"thumbnailUrl\":\"https:\/\/sefinpetroleumcorp.com\/wp-content\/uploads\/2024\/06\/business-partners-shaking-hands-agreement-1-683x1024.jpg\",\"datePublished\":\"2024-06-23T02:35:55+00:00\",\"dateModified\":\"2025-03-07T00:27:03+00:00\",\"breadcrumb\":{\"@id\":\"https:\/\/sefinpetroleumcorp.com\/about\/#breadcrumb\"},\"inLanguage\":\"en-US\",\"potentialAction\":[{\"@type\":\"ReadAction\",\"target\":[\"https:\/\/sefinpetroleumcorp.com\/about\/\"]}]},{\"@type\":\"ImageObject\",\"inLanguage\":\"en-US\",\"@id\":\"https:\/\/sefinpetroleumcorp.com\/about\/#primaryimage\",\"url\":\"https:\/\/sefinpetroleumcorp.com\/wp-content\/uploads\/2024\/06\/business-partners-shaking-hands-agreement-1-683x1024.jpg\",\"contentUrl\":\"https:\/\/sefinpetroleumcorp.com\/wp-content\/uploads\/2024\/06\/business-partners-shaking-hands-agreement-1-683x1024.jpg\"},{\"@type\":\"BreadcrumbList\",\"@id\":\"https:\/\/sefinpetroleumcorp.com\/about\/#breadcrumb\",\"itemListElement\":[{\"@type\":\"ListItem\",\"position\":1,\"name\":\"Accueil\",\"item\":\"https:\/\/sefinpetroleumcorp.com\/\"},{\"@type\":\"ListItem\",\"position\":2,\"name\":\"About\"}]},{\"@type\":\"WebSite\",\"@id\":\"https:\/\/sefinpetroleumcorp.com\/#website\",\"url\":\"https:\/\/sefinpetroleumcorp.com\/\",\"name\":\"Sefin petroleum corporation\",\"description\":\"\",\"publisher\":{\"@id\":\"https:\/\/sefinpetroleumcorp.com\/#organization\"},\"potentialAction\":[{\"@type\":\"SearchAction\",\"target\":{\"@type\":\"EntryPoint\",\"urlTemplate\":\"https:\/\/sefinpetroleumcorp.com\/?s={search_term_string}\"},\"query-input\":{\"@type\":\"PropertyValueSpecification\",\"valueRequired\":true,\"valueName\":\"search_term_string\"}}],\"inLanguage\":\"en-US\"},{\"@type\":\"Organization\",\"@id\":\"https:\/\/sefinpetroleumcorp.com\/#organization\",\"name\":\"Sefin petroleum corporation\",\"url\":\"https:\/\/sefinpetroleumcorp.com\/\",\"logo\":{\"@type\":\"ImageObject\",\"inLanguage\":\"en-US\",\"@id\":\"https:\/\/sefinpetroleumcorp.com\/#\/schema\/logo\/image\/\",\"url\":\"https:\/\/sefinpetroleumcorp.com\/wp-content\/uploads\/2024\/06\/cropped-logo-png.png\",\"contentUrl\":\"https:\/\/sefinpetroleumcorp.com\/wp-content\/uploads\/2024\/06\/cropped-logo-png.png\",\"width\":499,\"height\":310,\"caption\":\"Sefin petroleum corporation\"},\"image\":{\"@id\":\"https:\/\/sefinpetroleumcorp.com\/#\/schema\/logo\/image\/\"}}]}<\/script>\n<!-- \/ Yoast SEO plugin. -->","yoast_head_json":{"title":"About - Sefin Petroleum Corporation","robots":{"index":"index","follow":"follow","max-snippet":"max-snippet:-1","max-image-preview":"max-image-preview:large","max-video-preview":"max-video-preview:-1"},"canonical":"https:\/\/sefinpetroleumcorp.com\/en\/about\/","og_locale":"en_US","og_type":"article","og_title":"About - Sefin Petroleum Corporation","og_description":"Qui sommes nous? Notre Histoire SEFIN PETROLEUM CORPORATION est une soci\u00e9t\u00e9 par actions simplifi\u00e9es de droit s\u00e9n\u00e9galais, r\u00e9gie sous les lois nationales et le droit ohada. Notre philosophie en tant que n\u00e9gociant de produits p\u00e9troliers est d&rsquo;anticiper les moindres d\u00e9tails en visant la perfection dans toutes nos transactions. Nous regroupons une \u00e9quipe talentueuse et qualifi\u00e9e...","og_url":"https:\/\/sefinpetroleumcorp.com\/en\/about\/","og_site_name":"Sefin Petroleum Corporation","article_modified_time":"2025-03-07T00:27:03+00:00","og_image":[{"url":"https:\/\/sefinpetroleumcorp.com\/wp-content\/uploads\/2024\/06\/business-partners-shaking-hands-agreement-1-683x1024.jpg","type":"","width":"","height":""}],"twitter_card":"summary_large_image","twitter_misc":{"Est. reading time":"3 minutes"},"schema":{"@context":"https:\/\/schema.org","@graph":[{"@type":"WebPage","@id":"https:\/\/sefinpetroleumcorp.com\/about\/","url":"https:\/\/sefinpetroleumcorp.com\/about\/","name":"About - Sefin Petroleum Corporation","isPartOf":{"@id":"https:\/\/sefinpetroleumcorp.com\/#website"},"primaryImageOfPage":{"@id":"https:\/\/sefinpetroleumcorp.com\/about\/#primaryimage"},"image":{"@id":"https:\/\/sefinpetroleumcorp.com\/about\/#primaryimage"},"thumbnailUrl":"https:\/\/sefinpetroleumcorp.com\/wp-content\/uploads\/2024\/06\/business-partners-shaking-hands-agreement-1-683x1024.jpg","datePublished":"2024-06-23T02:35:55+00:00","dateModified":"2025-03-07T00:27:03+00:00","breadcrumb":{"@id":"https:\/\/sefinpetroleumcorp.com\/about\/#breadcrumb"},"inLanguage":"en-US","potentialAction":[{"@type":"ReadAction","target":["https:\/\/sefinpetroleumcorp.com\/about\/"]}]},{"@type":"ImageObject","inLanguage":"en-US","@id":"https:\/\/sefinpetroleumcorp.com\/about\/#primaryimage","url":"https:\/\/sefinpetroleumcorp.com\/wp-content\/uploads\/2024\/06\/business-partners-shaking-hands-agreement-1-683x1024.jpg","contentUrl":"https:\/\/sefinpetroleumcorp.com\/wp-content\/uploads\/2024\/06\/business-partners-shaking-hands-agreement-1-683x1024.jpg"},{"@type":"BreadcrumbList","@id":"https:\/\/sefinpetroleumcorp.com\/about\/#breadcrumb","itemListElement":[{"@type":"ListItem","position":1,"name":"Accueil","item":"https:\/\/sefinpetroleumcorp.com\/"},{"@type":"ListItem","position":2,"name":"About"}]},{"@type":"WebSite","@id":"https:\/\/sefinpetroleumcorp.com\/#website","url":"https:\/\/sefinpetroleumcorp.com\/","name":"Sefin petroleum corporation","description":"","publisher":{"@id":"https:\/\/sefinpetroleumcorp.com\/#organization"},"potentialAction":[{"@type":"SearchAction","target":{"@type":"EntryPoint","urlTemplate":"https:\/\/sefinpetroleumcorp.com\/?s={search_term_string}"},"query-input":{"@type":"PropertyValueSpecification","valueRequired":true,"valueName":"search_term_string"}}],"inLanguage":"en-US"},{"@type":"Organization","@id":"https:\/\/sefinpetroleumcorp.com\/#organization","name":"Sefin petroleum corporation","url":"https:\/\/sefinpetroleumcorp.com\/","logo":{"@type":"ImageObject","inLanguage":"en-US","@id":"https:\/\/sefinpetroleumcorp.com\/#\/schema\/logo\/image\/","url":"https:\/\/sefinpetroleumcorp.com\/wp-content\/uploads\/2024\/06\/cropped-logo-png.png","contentUrl":"https:\/\/sefinpetroleumcorp.com\/wp-content\/uploads\/2024\/06\/cropped-logo-png.png","width":499,"height":310,"caption":"Sefin petroleum corporation"},"image":{"@id":"https:\/\/sefinpetroleumcorp.com\/#\/schema\/logo\/image\/"}}]}},"uagb_featured_image_src":{"full":false,"thumbnail":false,"medium":false,"medium_large":false,"large":false,"1536x1536":false,"2048x2048":false,"trp-custom-language-flag":false},"uagb_author_info":{"display_name":"sg6vemz0cpph","author_link":"https:\/\/sefinpetroleumcorp.com\/en\/author\/sg6vemz0cpph\/"},"uagb_comment_info":0,"uagb_excerpt":"Qui sommes nous? Notre Histoire SEFIN PETROLEUM CORPORATION est une soci\u00e9t\u00e9 par actions simplifi\u00e9es de droit s\u00e9n\u00e9galais, r\u00e9gie sous les lois nationales et le droit ohada. Notre philosophie en tant que n\u00e9gociant de produits p\u00e9troliers est d&rsquo;anticiper les moindres d\u00e9tails en visant la perfection dans toutes nos transactions. Nous regroupons une \u00e9quipe talentueuse et qualifi\u00e9e...","_links":{"self":[{"href":"https:\/\/sefinpetroleumcorp.com\/en\/wp-json\/wp\/v2\/pages\/118","targetHints":{"allow":["GET"]}}],"collection":[{"href":"https:\/\/sefinpetroleumcorp.com\/en\/wp-json\/wp\/v2\/pages"}],"about":[{"href":"https:\/\/sefinpetroleumcorp.com\/en\/wp-json\/wp\/v2\/types\/page"}],"author":[{"embeddable":true,"href":"https:\/\/sefinpetroleumcorp.com\/en\/wp-json\/wp\/v2\/users\/9"}],"replies":[{"embeddable":true,"href":"https:\/\/sefinpetroleumcorp.com\/en\/wp-json\/wp\/v2\/comments?post=118"}],"version-history":[{"count":44,"href":"https:\/\/sefinpetroleumcorp.com\/en\/wp-json\/wp\/v2\/pages\/118\/revisions"}],"predecessor-version":[{"id":2426,"href":"https:\/\/sefinpetroleumcorp.com\/en\/wp-json\/wp\/v2\/pages\/118\/revisions\/2426"}],"wp:attachment":[{"href":"https:\/\/sefinpetroleumcorp.com\/en\/wp-json\/wp\/v2\/media?parent=118"}],"curies":[{"name":"wp","href":"https:\/\/api.w.org\/{rel}","templated":true}]}}